{"id":28236,"date":"2022-08-02T16:49:41","date_gmt":"2022-08-02T20:49:41","guid":{"rendered":"http:\/\/cpm-09.eproofs.ca\/a-propos\/"},"modified":"2022-09-07T15:00:01","modified_gmt":"2022-09-07T19:00:01","slug":"a-propos","status":"publish","type":"page","link":"https:\/\/www.halfyourplate.ca\/fr\/a-propos\/","title":{"rendered":"A propos"},"content":{"rendered":"<div class=\"wp-block-image\">\n<figure class=\"aligncenter size-full\"><img loading=\"lazy\" decoding=\"async\" width=\"680\" height=\"453\" src=\"https:\/\/www.halfyourplate.ca\/wp-content\/uploads\/2022\/08\/family-kitchen.jpg\" alt=\"\" class=\"wp-image-28218\" srcset=\"https:\/\/www.halfyourplate.ca\/wp-content\/uploads\/2022\/08\/family-kitchen.jpg 680w, https:\/\/www.halfyourplate.ca\/wp-content\/uploads\/2022\/08\/family-kitchen-300x200.jpg 300w\" sizes=\"auto, (max-width: 680px) 100vw, 680px\" \/><\/figure>\n<\/div>\n<p>Visez la moiti\u00e9 pour votre sant\u00e9 est un programme \u00e9ducatif mis sur pied en 2015 par l\u2019<a href=\"http:\/\/www.cpma.ca\/fr\/home\" rel=\"nofollow noopener\" target=\"_blank\">Association canadienne de la distribution de fruits et l\u00e9gumes (ACDFL),<\/a> une organisation qui repr\u00e9sente le secteur des fruits et l\u00e9gumes frais et qui en facilite le commerce au Canada.<\/p>\n\n<p>Par l\u2019interm\u00e9diaire du programme Visez la moiti\u00e9 pour votre sant\u00e9, l\u2019ACDFL sensibilise les Canadiens de tous \u00e2ges \u00e0 l\u2019importance de la consommation de fruits et l\u00e9gumes frais et les encourage \u00e0 remplir la moiti\u00e9 de leur assiette de fruits et l\u00e9gumes pour am\u00e9liorer leur sant\u00e9. <\/p>\n\n<p>Le programme propose aux consommateurs des fa\u00e7ons simples et pratiques d\u2019ajouter une vari\u00e9t\u00e9 de fruits et l\u00e9gumes \u00e0 chaque repas ou collation, notamment :<\/p>\n\n<ul class=\"wp-block-list\"><li><a href=\"https:\/\/www.halfyourplate.ca\/fr\/recettes\/\">des recettes<\/a>;<\/li><li><a href=\"https:\/\/www.halfyourplate.ca\/fr\/category\/idees-fraiches\/\">des blogues et des vid\u00e9os;<\/a><\/li><li><a href=\"https:\/\/www.halfyourplate.ca\/fr\/fruits-et-legumes\/fruits-de-z\/\">des infographies<\/a> et des conseils sur la fa\u00e7on d\u2019acheter intelligemment, de r\u00e9duire le gaspillage et plus encore;<\/li><li>des fiches d\u2019information soulignant les bienfaits pour la sant\u00e9 et des conseils sur la fa\u00e7on de choisir, de conserver et de pr\u00e9parer les <a href=\"https:\/\/www.halfyourplate.ca\/fr\/fruits-et-legumes\/fruits-de-z\/\">fruits<\/a> et <a href=\"https:\/\/www.halfyourplate.ca\/fr\/fruits-et-legumes\/legumes-de-z\/\">l\u00e9gumes<\/a>;<\/li><li><a href=\"https:\/\/www.halfyourplate.ca\/fr\/\">la campagne Fra\u00eecheur pour 20<\/a> qui met l\u2019accent sur la quantit\u00e9 de produits que l\u2019on peut acheter pour 20\u00a0$;<\/li><li>le Programme pour les enfants FreggieMC con\u00e7u pour aider les enfants \u00e0 manger davantage de fruits et l\u00e9gumes pour une meilleure sant\u00e9 globale.<\/li><\/ul>\n\n<h2 class=\"wp-block-heading\">Qui participe?<\/h2>\n\n<p>L\u2019<a href=\"http:\/\/www.cpma.ca\/fr\/home\" rel=\"nofollow noopener\" target=\"_blank\">Association canadienne de la distribution de fruits et l\u00e9gumes<\/a>, la <a href=\"http:\/\/www.heartandstroke.com\/site\/c.ikIQLcMWJtE\/b.2796497\/k.BF8B\/Home.htm\" rel=\"nofollow noopener\" target=\"_blank\">Fondation des maladies du c\u0153ur et de l\u2019AVC du Canada<\/a>, l\u2019<a href=\"https:\/\/www.cpha.ca\/fr\" rel=\"nofollow noopener\" target=\"_blank\">Association canadienne de sant\u00e9 publique<\/a> et la <a href=\"https:\/\/cancer.ca\/fr\/\" rel=\"nofollow noopener\" target=\"_blank\">Soci\u00e9t\u00e9 canadienne du caner<\/a>\u00a0sont fi\u00e8res de poursuivre un partenariat de longue date visant \u00e0 am\u00e9liorer la consommation de fruits et l\u00e9gumes au Canada. Ces organismes, respect\u00e9s \u00e0 grande \u00e9chelle pour leur r\u00f4le dans la promotion de la sant\u00e9 et la pr\u00e9vention de la maladie par la sensibilisation \u00e0 une saine alimentation, appuient la campagne Visez la moiti\u00e9 pour votre sant\u00e9.<\/p>\n\n<p>Le succ\u00e8s de la campagne Visez la moiti\u00e9 pour votre sant\u00e9 repose sur un effort d\u2019\u00e9quipe, notamment un r\u00e9seau de professionnels de la sant\u00e9, d\u2019enseignants, de repr\u00e9sentants de tous les secteurs li\u00e9s aux fruits et l\u00e9gumes, de m\u00e9dias et autres, qui visent tous \u00e0 faire conna\u00eetre \u00e0 l\u2019ensemble des Canadiens le r\u00f4le des fruits et l\u00e9gumes dans un mode de vie sain. <\/p>\n\n<p>Si vous \u00eates un professionnel de la sant\u00e9 et que vous souhaitez en savoir plus sur notre mat\u00e9riel p\u00e9dagogique, <a href=\"mailto:jongtone@cpma.ca\">veuillez communiquer avec nous<\/a>.<\/p>\n","protected":false},"excerpt":{"rendered":"<p>Visez la moiti\u00e9 pour votre sant\u00e9 est un programme \u00e9ducatif mis sur pied en 2015 par l\u2019Association canadienne de la&#8230;<\/p>\n","protected":false},"author":1,"featured_media":28219,"parent":0,"menu_order":0,"comment_status":"closed","ping_status":"closed","template":"","meta":{"inline_featured_image":false,"wprm-recipe-roundup-name":"","wprm-recipe-roundup-description":"","wpupg_custom_link":[],"wpupg_custom_link_behaviour":[],"wpupg_custom_link_nofollow":[],"wpupg_custom_image":[],"wpupg_custom_image_id":[],"footnotes":""},"class_list":["post-28236","page","type-page","status-publish","has-post-thumbnail","hentry"],"acf":[],"_links":{"self":[{"href":"https:\/\/www.halfyourplate.ca\/fr\/wp-json\/wp\/v2\/pages\/28236","targetHints":{"allow":["GET"]}}],"collection":[{"href":"https:\/\/www.halfyourplate.ca\/fr\/wp-json\/wp\/v2\/pages"}],"about":[{"href":"https:\/\/www.halfyourplate.ca\/fr\/wp-json\/wp\/v2\/types\/page"}],"author":[{"embeddable":true,"href":"https:\/\/www.halfyourplate.ca\/fr\/wp-json\/wp\/v2\/users\/1"}],"replies":[{"embeddable":true,"href":"https:\/\/www.halfyourplate.ca\/fr\/wp-json\/wp\/v2\/comments?post=28236"}],"version-history":[{"count":4,"href":"https:\/\/www.halfyourplate.ca\/fr\/wp-json\/wp\/v2\/pages\/28236\/revisions"}],"predecessor-version":[{"id":31495,"href":"https:\/\/www.halfyourplate.ca\/fr\/wp-json\/wp\/v2\/pages\/28236\/revisions\/31495"}],"wp:featuredmedia":[{"embeddable":true,"href":"https:\/\/www.halfyourplate.ca\/fr\/wp-json\/wp\/v2\/media\/28219"}],"wp:attachment":[{"href":"https:\/\/www.halfyourplate.ca\/fr\/wp-json\/wp\/v2\/media?parent=28236"}],"curies":[{"name":"wp","href":"https:\/\/api.w.org\/{rel}","templated":true}]}}