{"id":29665,"date":"2022-08-18T17:41:11","date_gmt":"2022-08-18T21:41:11","guid":{"rendered":"http:\/\/cpm-09.eproofs.ca\/faits-de-fruits-et-legumes\/"},"modified":"2024-02-08T14:22:09","modified_gmt":"2024-02-08T19:22:09","slug":"fruits-et-legumes","status":"publish","type":"page","link":"https:\/\/www.halfyourplate.ca\/fr\/fruits-et-legumes\/","title":{"rendered":"Nutrition"},"content":{"rendered":"\n<h2 class=\"wp-block-heading\">Comme vous le savez d\u00e9j\u00e0, les fruits et l\u00e9gumes sont bons pour votre sant\u00e9, mais savez-vous pourquoi?<\/h2>\n\n\n\n<h3 class=\"wp-block-heading\"><\/h3>\n\n\n\n<p>Les fruits et les l\u00e9gumes sont essentiels au maintien du bien-\u00eatre g\u00e9n\u00e9ral et de la pr\u00e9vention de diverses maladies. Ils offrent un grand \u00e9ventail de bienfaits pour la sant\u00e9, de la t\u00eate aux pieds. Manger assez de fruits et de l\u00e9gumes tous les jours est une excellente strat\u00e9gie pour am\u00e9liorer la sant\u00e9 globale. Cependant, la plupart des Canadiennes et Canadiens ne mangent pas suffisamment de fruits et de l\u00e9gumes. Dans le plus r\u00e9cent <a href=\"https:\/\/www150.statcan.gc.ca\/t1\/tbl1\/fr\/tv.action?pid=1310009612&amp;pickMembers%5B0%5D=1.1&amp;pickMembers%5B1%5D=3.1&amp;cubeTimeFrame.startYear=2015&amp;cubeTimeFrame.endYear=2022&amp;referencePeriods=20150101%2C20220101&amp;request_locale=fr\" rel=\"nofollow noopener\" target=\"_blank\">rapport de Statistique Canada (2021)<\/a>, seulement 21,8&nbsp;% des Canadiens sond\u00e9s ont d\u00e9clar\u00e9 consommer plus de 5&nbsp;portions de fruits et l\u00e9gumes par jour.<\/p>\n\n\n\n<p>Le Guide alimentaire canadien et <em>Visez la moiti\u00e9 pour votre sant\u00e9 <\/em>recommandent de remplir la moiti\u00e9 de votre assiette de fruits et l\u00e9gumes; il s\u2019agit d\u2019un guide visuel simple et efficace pour incorporer plus de fruits et de l\u00e9gumes \u00e0 votre alimentation. D\u00e9couvrez les bienfaits pour la sant\u00e9 des fruits et des l\u00e9gumes frais ci-dessous.<br><br><strong><\/strong><\/p>\n\n\n\n<h2 class=\"wp-block-heading\"><strong>Sant\u00e9 cardiaque<\/strong><\/h2>\n\n\n<div class=\"wp-block-image\">\n<figure class=\"alignleft size-large is-resized\"><img loading=\"lazy\" decoding=\"async\" width=\"1024\" height=\"1024\" src=\"https:\/\/www.halfyourplate.ca\/wp-content\/uploads\/2024\/02\/Heart-Fruit-Smaller-1024x1024.jpg\" alt=\"\" class=\"wp-image-36430\" style=\"width:261px;height:auto\" srcset=\"https:\/\/www.halfyourplate.ca\/wp-content\/uploads\/2024\/02\/Heart-Fruit-Smaller-1024x1024.jpg 1024w, https:\/\/www.halfyourplate.ca\/wp-content\/uploads\/2024\/02\/Heart-Fruit-Smaller-300x300.jpg 300w, https:\/\/www.halfyourplate.ca\/wp-content\/uploads\/2024\/02\/Heart-Fruit-Smaller-150x150.jpg 150w, https:\/\/www.halfyourplate.ca\/wp-content\/uploads\/2024\/02\/Heart-Fruit-Smaller-500x500.jpg 500w\" sizes=\"auto, (max-width: 1024px) 100vw, 1024px\" \/><\/figure>\n<\/div>\n\n\n<p>La maladie du c\u0153ur est la <a href=\"https:\/\/www150.statcan.gc.ca\/t1\/tbl1\/fr\/tv.action?pid=1310039401&amp;pickMembers%5B0%5D=2.1&amp;pickMembers%5B1%5D=3.1&amp;cubeTimeFrame.startYear=2000&amp;cubeTimeFrame.endYear=2022&amp;referencePeriods=20000101%2C20220101&amp;request_locale=fr\" rel=\"nofollow noopener\" target=\"_blank\">2<sup>e<\/sup> cause de d\u00e9c\u00e8s au Canada<\/a>. Sant\u00e9 Canada reconna\u00eet le r\u00f4le de la consommation de fruits et de l\u00e9gumes dans la r\u00e9duction des risques de maladie du c\u0153ur et soutient <a href=\"https:\/\/www.canada.ca\/fr\/sante-canada\/services\/publications\/aliments-et-nutrition\/resume-evaluation-par-sante-canada-allegation-sante-au-sujet-des-legumes-fruits-et-maladie-du-coeur.html\" rel=\"nofollow noopener\" target=\"_blank\">l\u2019all\u00e9gation sant\u00e9<\/a> suivante&nbsp;: \u00ab&nbsp;une alimentation saine comportant une grande vari\u00e9t\u00e9 de l\u00e9gumes et de fruits peut aider \u00e0 r\u00e9duire le risque de maladie du c\u0153ur&nbsp;\u00bb. <a href=\"https:\/\/doi.org\/10.1093\/ije\/dyw319\" rel=\"nofollow noopener\" target=\"_blank\">Des \u00e9tudes<\/a> ont d\u00e9montr\u00e9 qu\u2019une plus grande consommation de fruits et de l\u00e9gumes est associ\u00e9e \u00e0 une diminution progressive des risques de maladie du c\u0153ur, les b\u00e9n\u00e9fices \u00e9tant maximaux \u00e0 partir de huit portions (800&nbsp;g) par jour.<br><br>Un apport \u00e9lev\u00e9 en fibres alimentaires (au moins 25&nbsp;\u00e0 29&nbsp;g de fibres par jour) provenant d\u2019aliments entiers comme les grains entiers, les fruits, les l\u00e9gumes, les l\u00e9gumineuses et les l\u00e9gumes secs peut aider \u00e0 diminuer la tension art\u00e9rielle et \u00e0 am\u00e9liorer la sant\u00e9 cardiaque globale. Comment? Une alimentation riche en fibres peut r\u00e9duire le mauvais cholest\u00e9rol et les triglyc\u00e9rides, et vous aider \u00e0 maintenir un poids sain. Cela peut<a href=\"https:\/\/www.pennutrition.com\/KnowledgePathway.aspx?kpid=674&amp;pqcatid=146&amp;pqid=28050&amp;book=Evidence#Evidence\" rel=\"nofollow noopener\" target=\"_blank\"> r\u00e9duire les risques de maladies du c\u0153ur et d\u2019AVC<\/a>. De nombreux fruits et l\u00e9gumes sont \u00e9galement riches en antioxydants tels que la vitamine&nbsp;C et le b\u00eatacarot\u00e8ne (une composante de la vitamine&nbsp;A). Ces antioxydants peuvent aider \u00e0 emp\u00eacher l\u2019obstruction des art\u00e8res en r\u00e9duisant le cholest\u00e9rol et l\u2019accumulation de plaque. Les nutriments contenus dans les fruits et l\u00e9gumes ont \u00e9t\u00e9 <a href=\"https:\/\/doi.org\/10.1093\/ije\/dyw319\" rel=\"nofollow noopener\" target=\"_blank\">associ\u00e9s<\/a> \u00e0 une <a href=\"https:\/\/www.coeuretavc.ca\/vivez-sainement\/saine-alimentation\/les-legumes-et-les-fruits\" rel=\"nofollow noopener\" target=\"_blank\">r\u00e9duction du risque de maladie du c\u0153ur et d\u2019AVC.<\/a><\/p>\n\n\n\n<h2 class=\"wp-block-heading\"><strong>R\u00e9duire le risque de cancer<\/strong><\/h2>\n\n\n<div class=\"wp-block-image\">\n<figure class=\"alignright size-large is-resized\"><img loading=\"lazy\" decoding=\"async\" width=\"1024\" height=\"1024\" src=\"https:\/\/www.halfyourplate.ca\/wp-content\/uploads\/2024\/02\/iStock-1214221052-1024x1024-1-1024x1024.jpg\" alt=\"\" class=\"wp-image-36526\" style=\"width:307px;height:auto\" srcset=\"https:\/\/www.halfyourplate.ca\/wp-content\/uploads\/2024\/02\/iStock-1214221052-1024x1024-1.jpg 1024w, https:\/\/www.halfyourplate.ca\/wp-content\/uploads\/2024\/02\/iStock-1214221052-1024x1024-1-300x300.jpg 300w, https:\/\/www.halfyourplate.ca\/wp-content\/uploads\/2024\/02\/iStock-1214221052-1024x1024-1-150x150.jpg 150w, https:\/\/www.halfyourplate.ca\/wp-content\/uploads\/2024\/02\/iStock-1214221052-1024x1024-1-500x500.jpg 500w\" sizes=\"auto, (max-width: 1024px) 100vw, 1024px\" \/><\/figure>\n<\/div>\n\n\n<p>Le cancer est la principale cause de d\u00e9c\u00e8s au Canada. <a href=\"https:\/\/cancer.ca\/fr\/research\/cancer-statistics\" rel=\"nofollow noopener\" target=\"_blank\">2&nbsp;Canadiens sur 5&nbsp;<\/a>d\u00e9velopperont un cancer au cours de leur vie, ce qui souligne l\u2019importance de la recherche continue dans la pr\u00e9vention et la r\u00e9duction du risque de cancer. Le fonds mondial de recherche contre le cancer, le World Cancer Research Fund International (WCRF), a conclu qu\u2019il existait des preuves irr\u00e9futables que les aliments contenant des fibres alimentaires r\u00e9duisent le risque de cancer colorectal. Un <a href=\"https:\/\/www.canada.ca\/fr\/sante-canada\/services\/aliments-nutrition\/etiquetage-aliments\/allegations-sante\/examen\/resume-scientifique-allegation-sante-americaine-sujet-fruits-legumes-cancer.html\" rel=\"nofollow noopener\" target=\"_blank\">rapport<\/a> du WCRF et de l\u2019American Institute for Cancer Research a conclu qu\u2019il existait des preuves convaincantes de l\u2019effet protecteur des fruits et l\u00e9gumes contre de nombreux types de cancers. Cette conclusion s\u2019appuie sur de nombreuses \u00e9tudes de cas-t\u00e9moins qui montrent que les patients atteints de cancer consomment moins de fruits et de l\u00e9gumes que les groupes t\u00e9moins comparables non atteints de cancer.<\/p>\n\n\n\n<p>M\u00eame s\u2019il existe peu de preuves reliant des cancers sp\u00e9cifiques \u00e0 la consommation de fruits et l\u00e9gumes, le <a href=\"https:\/\/www.wcrf.org\/diet-activity-and-cancer\/risk-factors\/wholegrains-vegetables-fruit-and-cancer-risk\/\" rel=\"nofollow noopener\" target=\"_blank\">WCRF recommande<\/a> de manger au moins 30&nbsp;g de fibre alimentaire et au moins cinq portions (400&nbsp;g) de fruits et de l\u00e9gumes non amylac\u00e9s par jour. La consommation de fruits et l\u00e9gumes a \u00e9t\u00e9 <a href=\"https:\/\/cancer.ca\/fr\/cancer-information\/reduce-your-risk\/eat-well\/eat-more-veggies-fruit-and-fibre\" rel=\"nofollow noopener\" target=\"_blank\">associ\u00e9e<\/a> \u00e0 la r\u00e9duction du risque d\u2019au moins 14&nbsp;diff\u00e9rents types de cancers, dont ceux de la t\u00eate, du cou, de l\u2019\u0153sophage, du colon et de l\u2019estomac. De nombreux fruits et l\u00e9gumes sont riches en vitamine C, en carot\u00e9no\u00efdes, en isoflavones et en autres agents anticanc\u00e9reux qui semblent associ\u00e9s \u00e0 une r\u00e9duction du risque de cancer.<\/p>\n\n\n\n<h2 class=\"wp-block-heading\"><strong>Sant\u00e9 du cerveau<\/strong><\/h2>\n\n\n<div class=\"wp-block-image\">\n<figure class=\"alignleft size-large is-resized\"><img loading=\"lazy\" decoding=\"async\" width=\"1024\" height=\"1024\" src=\"https:\/\/www.halfyourplate.ca\/wp-content\/uploads\/2024\/02\/iStock-1206774677-1-1024x1024.jpg\" alt=\"\" class=\"wp-image-36524\" style=\"width:299px;height:auto\" srcset=\"https:\/\/www.halfyourplate.ca\/wp-content\/uploads\/2024\/02\/iStock-1206774677-1-1024x1024.jpg 1024w, https:\/\/www.halfyourplate.ca\/wp-content\/uploads\/2024\/02\/iStock-1206774677-1-300x300.jpg 300w, https:\/\/www.halfyourplate.ca\/wp-content\/uploads\/2024\/02\/iStock-1206774677-1-150x150.jpg 150w, https:\/\/www.halfyourplate.ca\/wp-content\/uploads\/2024\/02\/iStock-1206774677-1-500x500.jpg 500w\" sizes=\"auto, (max-width: 1024px) 100vw, 1024px\" \/><\/figure>\n<\/div>\n\n\n<p>La population vieillissante du Canada entra\u00eene une augmentation continue du nombre de personnes atteintes de d\u00e9mence; on pr\u00e9voit qu\u2019un million de Canadiens seront atteints de d\u00e9mence d\u2019ici&nbsp;2030. Apr\u00e8s l\u2019\u00e2ge de 65&nbsp;ans, le risque de d\u00e9mence double environ tous les cinq ans. Des \u00e9tudes montrent qu\u2019il existe des facteurs sur lesquels on peut agir pour r\u00e9duire le risque de cancer, comme l\u2019activit\u00e9 physique, l\u2019arr\u00eat du tabac, une alimentation saine et une consommation d\u2019alcool limit\u00e9e. Les maladies chroniques telles que la d\u00e9pression, les maladies du c\u0153ur, le diab\u00e8te et l\u2019ob\u00e9sit\u00e9 sont li\u00e9es \u00e0 un risque plus \u00e9lev\u00e9 de d\u00e9velopper la d\u00e9mence. L\u2019adoption d\u2019une alimentation saine peut <a href=\"https:\/\/alzheimer.ca\/fr\/la-recherche\/rapports-sur-les-troubles-neurocognitifs\/etude-marquante-1\" rel=\"nofollow noopener\" target=\"_blank\">r\u00e9duire le risque<\/a> de ces maladies chroniques et aider \u00e0 prot\u00e9ger contre la d\u00e9mence.<\/p>\n\n\n\n<p><a href=\"https:\/\/www.who.int\/publications\/i\/item\/9789241550543\" rel=\"nofollow noopener\" target=\"_blank\">De nombreuses \u00e9tudes <\/a>montrent que l\u2019adoption d\u2019un mode de vie sain, y compris la consommation d\u2019au moins 5&nbsp;portions (400&nbsp;g) de fruits et de l\u00e9gumes non amylac\u00e9s par jour, peut aider \u00e0 r\u00e9duire le risque de d\u00e9mence et \u00e0 en retarder l\u2019apparition. Les fruits et l\u00e9gumes sont riches en vitamine&nbsp;E, en vitamines&nbsp;B, en vitamine&nbsp;K, en vitamine&nbsp;A et en phytonutriments. Des \u00e9tudes montrent que les r\u00e9gimes alimentaires m\u00e9diterran\u00e9en, DASH et MIND (une combinaison des r\u00e9gimes m\u00e9diterran\u00e9en et DASH) sont associ\u00e9s \u00e0 un <a href=\"https:\/\/www.pennutrition.com\/KnowledgePathway.aspx?kpid=3527&amp;pqcatid=146&amp;pqid=19410\" rel=\"nofollow noopener\" target=\"_blank\">risque plus faible de d\u00e9clin cognitif et de d\u00e9mence<\/a>. Chacun de ces r\u00e9gimes a son propre ensemble de recommandations, mais partage une base commune&nbsp;: l\u2019importance de la consommation de divers fruits et l\u00e9gumes pour la sant\u00e9 globale. Le r\u00e9gime MIND met particuli\u00e8rement l\u2019accent sur les <a href=\"https:\/\/www.nia.nih.gov\/health\/alzheimers-and-dementia\/what-do-we-know-about-diet-and-prevention-alzheimers-disease\" rel=\"nofollow noopener\" target=\"_blank\">l\u00e9gumes-feuilles et les baies<\/a>. Certaines <a href=\"https:\/\/doi.org\/10.3389\/fneur.2019.00239\" rel=\"nofollow noopener\" target=\"_blank\">\u00e9tudes <\/a>sugg\u00e8rent que les <a href=\"https:\/\/doi.org\/10.3389\/fnagi.2017.00018\" rel=\"nofollow noopener\" target=\"_blank\">antioxydants<\/a> (dont les phytonutriments, la vitamine&nbsp;E, la vitamine&nbsp;C, la vitamine&nbsp;K et les carot\u00e9no\u00efdes), la vitamine&nbsp;K et les folates pr\u00e9sents dans les fruits et l\u00e9gumes peuvent contribuer \u00e0 <a href=\"https:\/\/doi.org\/10.1007\/s12603-017-0875-6\" rel=\"nofollow noopener\" target=\"_blank\">prot\u00e9ger notre cerveau<\/a>.<\/p>\n\n\n\n<h2 class=\"wp-block-heading\"><strong>Principales le\u00e7ons \u00e0 retenir:<\/strong><\/h2>\n\n\n\n<p>Les fruits et l\u00e9gumes comportent des bienfaits ind\u00e9niables pour le maintien de la sant\u00e9 cardiaque, la r\u00e9duction du risque de cancer et le maintien de la sant\u00e9 c\u00e9r\u00e9brale. Profitez du pouvoir des fruits et des l\u00e9gumes et int\u00e9grez-les \u00e0 votre mode de vie sain. En prenant cette petite mesure pour inclure davantage de fruits et l\u00e9gumes \u00e0 votre alimentation, vous faites un pas de g\u00e9ant vers une meilleure sant\u00e9 globale.<\/p>\n\n\n\n<div class=\"wp-block-buttons is-content-justification-center is-layout-flex wp-container-core-buttons-is-layout-16018d1d wp-block-buttons-is-layout-flex\">\n<div class=\"wp-block-button\"><a class=\"wp-block-button__link wp-element-button\" href=\"https:\/\/www.halfyourplate.ca\/recipes\/\">Naviguer les recettes<\/a><\/div>\n\n\n\n<div class=\"wp-block-button\"><a class=\"wp-block-button__link wp-element-button\" href=\"https:\/\/www.halfyourplate.ca\/blog\/\">Trouvez des recettes et conseils<\/a><\/div>\n<\/div>\n","protected":false},"excerpt":{"rendered":"<p>Comme vous le savez d\u00e9j\u00e0, les fruits et l\u00e9gumes sont bons pour votre sant\u00e9, mais savez-vous pourquoi? Les fruits et&#8230;<\/p>\n","protected":false},"author":1,"featured_media":29390,"parent":0,"menu_order":0,"comment_status":"closed","ping_status":"closed","template":"","meta":{"inline_featured_image":false,"wprm-recipe-roundup-name":"","wprm-recipe-roundup-description":"","wpupg_custom_link":[],"wpupg_custom_link_behaviour":[],"wpupg_custom_link_nofollow":[],"wpupg_custom_image":[],"wpupg_custom_image_id":[],"footnotes":""},"class_list":["post-29665","page","type-page","status-publish","has-post-thumbnail","hentry"],"acf":[],"_links":{"self":[{"href":"https:\/\/www.halfyourplate.ca\/fr\/wp-json\/wp\/v2\/pages\/29665","targetHints":{"allow":["GET"]}}],"collection":[{"href":"https:\/\/www.halfyourplate.ca\/fr\/wp-json\/wp\/v2\/pages"}],"about":[{"href":"https:\/\/www.halfyourplate.ca\/fr\/wp-json\/wp\/v2\/types\/page"}],"author":[{"embeddable":true,"href":"https:\/\/www.halfyourplate.ca\/fr\/wp-json\/wp\/v2\/users\/1"}],"replies":[{"embeddable":true,"href":"https:\/\/www.halfyourplate.ca\/fr\/wp-json\/wp\/v2\/comments?post=29665"}],"version-history":[{"count":3,"href":"https:\/\/www.halfyourplate.ca\/fr\/wp-json\/wp\/v2\/pages\/29665\/revisions"}],"predecessor-version":[{"id":36536,"href":"https:\/\/www.halfyourplate.ca\/fr\/wp-json\/wp\/v2\/pages\/29665\/revisions\/36536"}],"wp:featuredmedia":[{"embeddable":true,"href":"https:\/\/www.halfyourplate.ca\/fr\/wp-json\/wp\/v2\/media\/29390"}],"wp:attachment":[{"href":"https:\/\/www.halfyourplate.ca\/fr\/wp-json\/wp\/v2\/media?parent=29665"}],"curies":[{"name":"wp","href":"https:\/\/api.w.org\/{rel}","templated":true}]}}