{"id":29674,"date":"2022-08-18T17:56:47","date_gmt":"2022-08-18T21:56:47","guid":{"rendered":"http:\/\/cpm-09.eproofs.ca\/repertoire\/"},"modified":"2024-03-14T15:59:21","modified_gmt":"2024-03-14T19:59:21","slug":"repertoire","status":"publish","type":"page","link":"https:\/\/www.halfyourplate.ca\/fr\/repertoire\/","title":{"rendered":"R\u00e9pertoire de professionnels de la sant\u00e9"},"content":{"rendered":"\n<p>Vous avez besoin d\u2019aide pour adopter de meilleures habitudes alimentaires? Consultez notre liste de di\u00e9t\u00e9tistes et de professionnels de la sant\u00e9 pour obtenir du soutien. Les di\u00e9t\u00e9tistes peuvent vous fournir des conseils personnalis\u00e9s pour vous aider \u00e0 atteindre vos objectifs en mati\u00e8re de nutrition. Que ce soit pour la planification des repas, la gestion d\u2019un trouble de sant\u00e9 ou la saine alimentation malgr\u00e9 un budget serr\u00e9, les di\u00e9t\u00e9tistes peuvent vous aider.<\/p>\n\n<p><\/p>\n\r\n<form class=\"directory-filter\" action=\"https:\/\/www.halfyourplate.ca\/fr\/repertoire\/\" method=\"get\">\r\n\t<label for=\"province\">Filter by Province<\/label>\r\n\t<div class=\"inline-select\">\r\n\t<select id=\"province\" name=\"province\">\r\n\t\t<option value=\"\">Any<\/option>\r\n\t\t<option value=\"Alberta\">Alberta<\/option><option value=\"British Columbia\">British Columbia<\/option><option value=\"Manitoba\">Manitoba<\/option><option value=\"New Brunswick\">New Brunswick<\/option><option value=\"Newfoundland and Labrador\">Newfoundland and Labrador<\/option><option value=\"Northwest Territories\">Northwest Territories<\/option><option value=\"Nova Scotia\">Nova Scotia<\/option><option value=\"Nunavut\">Nunavut<\/option><option value=\"Ontario\">Ontario<\/option><option value=\"Prince Edward Island\">Prince Edward Island<\/option><option value=\"Quebec\">Quebec<\/option><option value=\"Saskatchewan\">Saskatchewan<\/option><option value=\"Yukon\">Yukon<\/option>\t<\/select>\r\n\t<input class=\"button\" type=\"submit\" value=\"Go\">\r\n\t<\/div>\r\n<\/form>\r\n\r\n\r\n\t<div id=\"\" class=\"card-grid card-grid--featured\">\r\n\r\n\t\r\n\t\t<div class=\"card card--directory\">\r\n\t\t\t<a class=\"card-inner\" href=\"https:\/\/www.halfyourplate.ca\/fr\/repertoire\/?listing=1079\">\r\n\t\t\t\t\r\n\t\t\t\t<div class=\"card-content\">\r\n\t\t\t\t\t<div class=\"title\">Adrienne Agueci<\/div>\r\n\t\t\t\t\t<div class=\"sub-title\">Student<\/div>\t\t\t\t\t\t\t\t\t\t<div class=\"meta-item\"><span class=\"label\">Location:<\/span>Toronto, Ontario<\/div>\t\t\t\t<\/div>\r\n\t\t\t<\/a>\r\n\t\t\t\t\t<\/div>\r\n\r\n\t\r\n\t\t<div class=\"card card--directory\">\r\n\t\t\t<a class=\"card-inner\" href=\"https:\/\/www.halfyourplate.ca\/fr\/repertoire\/?listing=1063\">\r\n\t\t\t\t\r\n\t\t\t\t<div class=\"card-content\">\r\n\t\t\t\t\t<div class=\"title\">Agnes Kalmar<\/div>\r\n\t\t\t\t\t<div class=\"sub-title\">Rd<\/div>\t\t\t\t\t\t\t\t\t\t<div class=\"meta-item\"><span class=\"label\">Location:<\/span>Vancouver, British Columbia<\/div>\t\t\t\t<\/div>\r\n\t\t\t<\/a>\r\n\t\t\t\t\t<\/div>\r\n\r\n\t\r\n\t\t<div class=\"card card--directory\">\r\n\t\t\t<a class=\"card-inner\" href=\"https:\/\/www.halfyourplate.ca\/fr\/repertoire\/?listing=1134\">\r\n\t\t\t\t\r\n\t\t\t\t<div class=\"card-content\">\r\n\t\t\t\t\t<div class=\"title\">Alana Freitag<\/div>\r\n\t\t\t\t\t<div class=\"sub-title\">Registered Dietitian<\/div>\t\t\t\t\t\t\t\t\t\t<div class=\"meta-item\"><span class=\"label\">Location:<\/span>Orangeville, Ontario<\/div>\t\t\t\t<\/div>\r\n\t\t\t<\/a>\r\n\t\t\t\t\t<\/div>\r\n\r\n\t\r\n\t\t<div class=\"card card--directory\">\r\n\t\t\t<a class=\"card-inner\" href=\"https:\/\/www.halfyourplate.ca\/fr\/repertoire\/?listing=1153\">\r\n\t\t\t\t\r\n\t\t\t\t<div class=\"card-content\">\r\n\t\t\t\t\t<div class=\"title\">Alena McBain<\/div>\r\n\t\t\t\t\t<div class=\"sub-title\">Clinical Dietitian<\/div>\t\t\t\t\t<div class=\"meta-item\"><span class=\"label\">Phone:<\/span>(613) 443-3888<\/div>\t\t\t\t\t<div class=\"meta-item\"><span class=\"label\">Location:<\/span>Embrun, Ontario<\/div>\t\t\t\t<\/div>\r\n\t\t\t<\/a>\r\n\t\t\t\t\t<\/div>\r\n\r\n\t\r\n\t\t<div class=\"card card--directory\">\r\n\t\t\t<a class=\"card-inner\" href=\"https:\/\/www.halfyourplate.ca\/fr\/repertoire\/?listing=1155\">\r\n\t\t\t\t\r\n\t\t\t\t<div class=\"card-content\">\r\n\t\t\t\t\t<div class=\"title\">Alexa Ferdinands<\/div>\r\n\t\t\t\t\t<div class=\"sub-title\">Assistant Professor<\/div>\t\t\t\t\t\t\t\t\t\t<div class=\"meta-item\"><span class=\"label\">Location:<\/span>Edmonton, Alberta<\/div>\t\t\t\t<\/div>\r\n\t\t\t<\/a>\r\n\t\t\t\t\t<\/div>\r\n\r\n\t\r\n\t\t<div class=\"card card--directory\">\r\n\t\t\t<a class=\"card-inner\" href=\"https:\/\/www.halfyourplate.ca\/fr\/repertoire\/?listing=997\">\r\n\t\t\t\t\t\t\t\t\t<div class=\"card-image-wrap\">\r\n\t\t\t\t\t\t<div class=\"card-image\">\r\n\t\t\t\t\t\t\t<img decoding=\"async\" src=\"https:\/\/www.halfyourplate.ca\/wp-content\/uploads\/gravity_forms\/4-9a6623f670c8ad41777773f958f2b756\/2023\/01\/Alexis-Wiliams-Headshot-2.jpg\">\r\n\t\t\t\t\t\t<\/div>\r\n\t\t\t\t\t<\/div>\r\n\t\t\t\t\r\n\t\t\t\t<div class=\"card-content\">\r\n\t\t\t\t\t<div class=\"title\">Co-Founder, Business Skills for Health Professionals<\/div>\r\n\t\t\t\t\t<div class=\"sub-title\">Partner<\/div>\t\t\t\t\t<div class=\"meta-item\"><span class=\"label\">Phone:<\/span>(289) 983-0563<\/div>\t\t\t\t\t<div class=\"meta-item\"><span class=\"label\">Location:<\/span>Burlington, Ontario<\/div>\t\t\t\t<\/div>\r\n\t\t\t<\/a>\r\n\t\t\t<a class=\"card-website\" href=\"http:\/\/bizskillsforhps.com\" rel=\"nofollow noopener\" target=\"_blank\"><span class=\"label\">Website<\/span>http:\/\/bizskillsforhps.com<\/a>\t\t<\/div>\r\n\r\n\t\r\n\t\t<div class=\"card card--directory\">\r\n\t\t\t<a class=\"card-inner\" href=\"https:\/\/www.halfyourplate.ca\/fr\/repertoire\/?listing=393\">\r\n\t\t\t\t\t\t\t\t\t<div class=\"card-image-wrap\">\r\n\t\t\t\t\t\t<div class=\"card-image\">\r\n\t\t\t\t\t\t\t<img decoding=\"async\" src=\"https:\/\/www.halfyourplate.ca\/wp-content\/uploads\/gravity_forms\/5-8460c9b315db9964f868c6265cedadfd\/2024\/03\/Alka-photo.jpg\">\r\n\t\t\t\t\t\t<\/div>\r\n\t\t\t\t\t<\/div>\r\n\t\t\t\t\r\n\t\t\t\t<div class=\"card-content\">\r\n\t\t\t\t\t<div class=\"title\">Alka Chopra<\/div>\r\n\t\t\t\t\t<div class=\"sub-title\">Registered Dietitian, Certified Diabetes Educator<\/div>\t\t\t\t\t<div class=\"meta-item\"><span class=\"label\">Phone:<\/span>(647) 283-1018<\/div>\t\t\t\t\t<div class=\"meta-item\"><span class=\"label\">Location:<\/span>NEWMARKET, Ontario<\/div>\t\t\t\t<\/div>\r\n\t\t\t<\/a>\r\n\t\t\t<a class=\"card-website\" href=\"https:\/\/www.alkachopra.ca\/\" rel=\"nofollow noopener\" target=\"_blank\"><span class=\"label\">Website<\/span>https:\/\/www.alkachopra.ca\/<\/a>\t\t<\/div>\r\n\r\n\t\r\n\t\t<div class=\"card card--directory\">\r\n\t\t\t<a class=\"card-inner\" href=\"https:\/\/www.halfyourplate.ca\/fr\/repertoire\/?listing=1051\">\r\n\t\t\t\t\r\n\t\t\t\t<div class=\"card-content\">\r\n\t\t\t\t\t<div class=\"title\">Allison OHearon<\/div>\r\n\t\t\t\t\t<div class=\"sub-title\">Registered Dietitian<\/div>\t\t\t\t\t\t\t\t\t\t<div class=\"meta-item\"><span class=\"label\">Location:<\/span>St. Stephen, New Brunswick<\/div>\t\t\t\t<\/div>\r\n\t\t\t<\/a>\r\n\t\t\t\t\t<\/div>\r\n\r\n\t\r\n\t\t<div class=\"card card--directory\">\r\n\t\t\t<a class=\"card-inner\" href=\"https:\/\/www.halfyourplate.ca\/fr\/repertoire\/?listing=1094\">\r\n\t\t\t\t\r\n\t\t\t\t<div class=\"card-content\">\r\n\t\t\t\t\t<div class=\"title\">Alyssa Vets<\/div>\r\n\t\t\t\t\t<div class=\"sub-title\">Registered Dietitian<\/div>\t\t\t\t\t\t\t\t\t\t<div class=\"meta-item\"><span class=\"label\">Location:<\/span>Orangeville, Ontario<\/div>\t\t\t\t<\/div>\r\n\t\t\t<\/a>\r\n\t\t\t\t\t<\/div>\r\n\r\n\t\r\n\t\t<div class=\"card card--directory\">\r\n\t\t\t<a class=\"card-inner\" href=\"https:\/\/www.halfyourplate.ca\/fr\/repertoire\/?listing=1188\">\r\n\t\t\t\t\r\n\t\t\t\t<div class=\"card-content\">\r\n\t\t\t\t\t<div class=\"title\">Amanda Camilleri<\/div>\r\n\t\t\t\t\t<div class=\"sub-title\">Manager, Venue &#038; Food Operatoins<\/div>\t\t\t\t\t\t\t\t\t\t<div class=\"meta-item\"><span class=\"label\">Location:<\/span>Toronto, Ontario<\/div>\t\t\t\t<\/div>\r\n\t\t\t<\/a>\r\n\t\t\t\t\t<\/div>\r\n\r\n\t\r\n\t\t<div class=\"card card--directory\">\r\n\t\t\t<a class=\"card-inner\" href=\"https:\/\/www.halfyourplate.ca\/fr\/repertoire\/?listing=1005\">\r\n\t\t\t\t\r\n\t\t\t\t<div class=\"card-content\">\r\n\t\t\t\t\t<div class=\"title\">RD Rd<\/div>\r\n\t\t\t\t\t<div class=\"sub-title\">RD<\/div>\t\t\t\t\t<div class=\"meta-item\"><span class=\"label\">Phone:<\/span>(416) 555-5555<\/div>\t\t\t\t\t\t\t\t\t<\/div>\r\n\t\t\t<\/a>\r\n\t\t\t\t\t<\/div>\r\n\r\n\t\r\n\t\t<div class=\"card card--directory\">\r\n\t\t\t<a class=\"card-inner\" href=\"https:\/\/www.halfyourplate.ca\/fr\/repertoire\/?listing=1004\">\r\n\t\t\t\t\r\n\t\t\t\t<div class=\"card-content\">\r\n\t\t\t\t\t<div class=\"title\">Amanda De Filippo<\/div>\r\n\t\t\t\t\t<div class=\"sub-title\">Registered Dietitian<\/div>\t\t\t\t\t<div class=\"meta-item\"><span class=\"label\">Phone:<\/span>(416) 000-0000<\/div>\t\t\t\t\t<div class=\"meta-item\"><span class=\"label\">Location:<\/span>Toronto, Ontario<\/div>\t\t\t\t<\/div>\r\n\t\t\t<\/a>\r\n\t\t\t\t\t<\/div>\r\n\r\n\t\r\n\t<\/div>\r\n\r\n\t<nav class=\"navigation pagination\"><h2 class=\"screen-reader-text\">Posts navigation<\/h2><ul class='page-numbers'>\n\t<li><span aria-current=\"page\" class=\"page-numbers current\">1<\/span><\/li>\n\t<li><a class=\"page-numbers\" href=\"https:\/\/www.halfyourplate.ca\/fr\/wp-json\/wp\/v2\/pages\/29674\/page\/2\/\">2<\/a><\/li>\n\t<li><a class=\"page-numbers\" href=\"https:\/\/www.halfyourplate.ca\/fr\/wp-json\/wp\/v2\/pages\/29674\/page\/3\/\">3<\/a><\/li>\n\t<li><a class=\"page-numbers\" href=\"https:\/\/www.halfyourplate.ca\/fr\/wp-json\/wp\/v2\/pages\/29674\/page\/4\/\">4<\/a><\/li>\n\t<li><span class=\"page-numbers dots\">\u2026<\/span><\/li>\n\t<li><a class=\"page-numbers\" href=\"https:\/\/www.halfyourplate.ca\/fr\/wp-json\/wp\/v2\/pages\/29674\/page\/23\/\">23<\/a><\/li>\n\t<li><a class=\"page-numbers\" href=\"https:\/\/www.halfyourplate.ca\/fr\/wp-json\/wp\/v2\/pages\/29674\/page\/24\/\">24<\/a><\/li>\n\t<li><a class=\"page-numbers\" href=\"https:\/\/www.halfyourplate.ca\/fr\/wp-json\/wp\/v2\/pages\/29674\/page\/25\/\">25<\/a><\/li>\n\t<li><a class=\"next page-numbers\" href=\"https:\/\/www.halfyourplate.ca\/fr\/wp-json\/wp\/v2\/pages\/29674\/page\/2\/\">Next<\/a><\/li>\n<\/ul>\n<\/nav>\r\n\r\n","protected":false},"excerpt":{"rendered":"<p>Vous avez besoin d\u2019aide pour adopter de meilleures habitudes alimentaires? Consultez notre liste de di\u00e9t\u00e9tistes et de professionnels de la&#8230;<\/p>\n","protected":false},"author":1,"featured_media":0,"parent":0,"menu_order":0,"comment_status":"closed","ping_status":"closed","template":"","meta":{"inline_featured_image":false,"wprm-recipe-roundup-name":"","wprm-recipe-roundup-description":"","wpupg_custom_link":[],"wpupg_custom_link_behaviour":[],"wpupg_custom_link_nofollow":[],"wpupg_custom_image":[],"wpupg_custom_image_id":[],"footnotes":""},"class_list":["post-29674","page","type-page","status-publish","hentry"],"acf":[],"_links":{"self":[{"href":"https:\/\/www.halfyourplate.ca\/fr\/wp-json\/wp\/v2\/pages\/29674","targetHints":{"allow":["GET"]}}],"collection":[{"href":"https:\/\/www.halfyourplate.ca\/fr\/wp-json\/wp\/v2\/pages"}],"about":[{"href":"https:\/\/www.halfyourplate.ca\/fr\/wp-json\/wp\/v2\/types\/page"}],"author":[{"embeddable":true,"href":"https:\/\/www.halfyourplate.ca\/fr\/wp-json\/wp\/v2\/users\/1"}],"replies":[{"embeddable":true,"href":"https:\/\/www.halfyourplate.ca\/fr\/wp-json\/wp\/v2\/comments?post=29674"}],"version-history":[{"count":3,"href":"https:\/\/www.halfyourplate.ca\/fr\/wp-json\/wp\/v2\/pages\/29674\/revisions"}],"predecessor-version":[{"id":36779,"href":"https:\/\/www.halfyourplate.ca\/fr\/wp-json\/wp\/v2\/pages\/29674\/revisions\/36779"}],"wp:attachment":[{"href":"https:\/\/www.halfyourplate.ca\/fr\/wp-json\/wp\/v2\/media?parent=29674"}],"curies":[{"name":"wp","href":"https:\/\/api.w.org\/{rel}","templated":true}]}}