{"id":29835,"date":"2022-08-22T16:24:19","date_gmt":"2022-08-22T20:24:19","guid":{"rendered":"http:\/\/cpm-09.eproofs.ca\/faits-de-fruits-et-legumes\/que-pouvez-vous-acheter-avec-20\/"},"modified":"2026-04-23T15:09:10","modified_gmt":"2026-04-23T19:09:10","slug":"que-pouvez-vous-acheter-avec-20","status":"publish","type":"page","link":"https:\/\/www.halfyourplate.ca\/fr\/fruits-et-legumes\/que-pouvez-vous-acheter-avec-20\/","title":{"rendered":"Comment \u00e9conomiser sur les fruits et l\u00e9gumes ?"},"content":{"rendered":"\n<h2 class=\"wp-block-heading\">1. Recherchez les offres sp\u00e9ciales sur les fruits et l\u00e9gumes dans les circulaires<\/h2>\n\n\n\n<p>Magasiner les circulaires pour conna\u00eetre les sp\u00e9ciaux sur les fruits et l\u00e9gumes est une excellente fa\u00e7on d&rsquo;\u00e9conomiser de l&rsquo;argent. Consultez les circulaires en ligne avant de vous rendre \u00e0 l&rsquo;\u00e9picerie et planifiez vos repas en fonction de ces articles (Conseil : la plupart des circulaires au Canada sont publi\u00e9es tous les mercredis ou jeudis). Si vous \u00eates curieux de savoir combien de fruits et l\u00e9gumes vous pouvez obtenir pour 20 $, jetez un coup d&rsquo;\u0153il \u00e0 notre campagne #Fresh20 et d\u00e9couvrez ce que vous pouvez acheter cette semaine avec 20 $. Suivez-nous sur <a href=\"https:\/\/www.instagram.com\/halfyourplatecanada\/\" data-type=\"URL\" data-id=\"https:\/\/www.instagram.com\/halfyourplatecanada\/\" target=\"_blank\" rel=\"noreferrer noopener nofollow\">Instagram<\/a> et d\u00e9couvrez nos achats <a href=\"https:\/\/www.instagram.com\/stories\/highlights\/17985454177796037\/\" rel=\"nofollow noopener\" target=\"_blank\">#Fresh20<\/a> dans diff\u00e9rentes villes canadiennes.<\/p>\n\n\n\n<h3 class=\"wp-block-heading\">D\u00e9couvrez notre campagne #Fresh20<\/h3>\n\n\n\n<h4 class=\"wp-block-heading\">Ville en vedette cette semaine : Fredericton, NB<\/h4>\n\n\n\n<div class=\"wp-block-columns is-layout-flex wp-container-core-columns-is-layout-9d6595d7 wp-block-columns-is-layout-flex\">\n<div class=\"wp-block-column is-layout-flow wp-block-column-is-layout-flow\"><\/div>\n<\/div>\n\n\n\n<div class=\"wp-block-columns is-layout-flex wp-container-core-columns-is-layout-9d6595d7 wp-block-columns-is-layout-flex\">\n<div class=\"wp-block-column is-layout-flow wp-block-column-is-layout-flow\">\n<figure data-wp-context=\"{&quot;imageId&quot;:&quot;69f6752e9033f&quot;}\" data-wp-interactive=\"core\/image\" data-wp-key=\"69f6752e9033f\" class=\"wp-block-image size-large wp-lightbox-container\"><img loading=\"lazy\" decoding=\"async\" width=\"1024\" height=\"1024\" data-wp-class--hide=\"state.isContentHidden\" data-wp-class--show=\"state.isContentVisible\" data-wp-init=\"callbacks.setButtonStyles\" data-wp-on--click=\"actions.showLightbox\" data-wp-on--load=\"callbacks.setButtonStyles\" data-wp-on-window--resize=\"callbacks.setButtonStyles\" src=\"https:\/\/www.halfyourplate.ca\/wp-content\/uploads\/2026\/04\/Fresh20-Frederiction-April-23-29-01-FR-1024x1024.png\" alt=\"\" class=\"wp-image-40572\" srcset=\"https:\/\/www.halfyourplate.ca\/wp-content\/uploads\/2026\/04\/Fresh20-Frederiction-April-23-29-01-FR-1024x1024.png 1024w, https:\/\/www.halfyourplate.ca\/wp-content\/uploads\/2026\/04\/Fresh20-Frederiction-April-23-29-01-FR-300x300.png 300w, https:\/\/www.halfyourplate.ca\/wp-content\/uploads\/2026\/04\/Fresh20-Frederiction-April-23-29-01-FR-150x150.png 150w, https:\/\/www.halfyourplate.ca\/wp-content\/uploads\/2026\/04\/Fresh20-Frederiction-April-23-29-01-FR-500x500.png 500w, https:\/\/www.halfyourplate.ca\/wp-content\/uploads\/2026\/04\/Fresh20-Frederiction-April-23-29-01-FR.png 1080w\" sizes=\"auto, (max-width: 1024px) 100vw, 1024px\" \/><button\n\t\t\tclass=\"lightbox-trigger\"\n\t\t\ttype=\"button\"\n\t\t\taria-haspopup=\"dialog\"\n\t\t\taria-label=\"Agrandir\"\n\t\t\tdata-wp-init=\"callbacks.initTriggerButton\"\n\t\t\tdata-wp-on--click=\"actions.showLightbox\"\n\t\t\tdata-wp-style--right=\"state.imageButtonRight\"\n\t\t\tdata-wp-style--top=\"state.imageButtonTop\"\n\t\t>\n\t\t\t<svg xmlns=\"http:\/\/www.w3.org\/2000\/svg\" width=\"12\" height=\"12\" fill=\"none\" viewBox=\"0 0 12 12\">\n\t\t\t\t<path fill=\"#fff\" d=\"M2 0a2 2 0 0 0-2 2v2h1.5V2a.5.5 0 0 1 .5-.5h2V0H2Zm2 10.5H2a.5.5 0 0 1-.5-.5V8H0v2a2 2 0 0 0 2 2h2v-1.5ZM8 12v-1.5h2a.5.5 0 0 0 .5-.5V8H12v2a2 2 0 0 1-2 2H8Zm2-12a2 2 0 0 1 2 2v2h-1.5V2a.5.5 0 0 0-.5-.5H8V0h2Z\" \/>\n\t\t\t<\/svg>\n\t\t<\/button><\/figure>\n<\/div>\n\n\n\n<div class=\"wp-block-column is-layout-flow wp-block-column-is-layout-flow\">\n<figure data-wp-context=\"{&quot;imageId&quot;:&quot;69f6752e9093c&quot;}\" data-wp-interactive=\"core\/image\" data-wp-key=\"69f6752e9093c\" class=\"wp-block-image size-large wp-lightbox-container\"><img loading=\"lazy\" decoding=\"async\" width=\"1024\" height=\"1024\" data-wp-class--hide=\"state.isContentHidden\" data-wp-class--show=\"state.isContentVisible\" data-wp-init=\"callbacks.setButtonStyles\" data-wp-on--click=\"actions.showLightbox\" data-wp-on--load=\"callbacks.setButtonStyles\" data-wp-on-window--resize=\"callbacks.setButtonStyles\" src=\"https:\/\/www.halfyourplate.ca\/wp-content\/uploads\/2026\/04\/Fresh20-Frederiction-April-23-29-02-FR-1024x1024.png\" alt=\"\" class=\"wp-image-40574\" srcset=\"https:\/\/www.halfyourplate.ca\/wp-content\/uploads\/2026\/04\/Fresh20-Frederiction-April-23-29-02-FR-1024x1024.png 1024w, https:\/\/www.halfyourplate.ca\/wp-content\/uploads\/2026\/04\/Fresh20-Frederiction-April-23-29-02-FR-300x300.png 300w, https:\/\/www.halfyourplate.ca\/wp-content\/uploads\/2026\/04\/Fresh20-Frederiction-April-23-29-02-FR-150x150.png 150w, https:\/\/www.halfyourplate.ca\/wp-content\/uploads\/2026\/04\/Fresh20-Frederiction-April-23-29-02-FR-500x500.png 500w, https:\/\/www.halfyourplate.ca\/wp-content\/uploads\/2026\/04\/Fresh20-Frederiction-April-23-29-02-FR.png 1080w\" sizes=\"auto, (max-width: 1024px) 100vw, 1024px\" \/><button\n\t\t\tclass=\"lightbox-trigger\"\n\t\t\ttype=\"button\"\n\t\t\taria-haspopup=\"dialog\"\n\t\t\taria-label=\"Agrandir\"\n\t\t\tdata-wp-init=\"callbacks.initTriggerButton\"\n\t\t\tdata-wp-on--click=\"actions.showLightbox\"\n\t\t\tdata-wp-style--right=\"state.imageButtonRight\"\n\t\t\tdata-wp-style--top=\"state.imageButtonTop\"\n\t\t>\n\t\t\t<svg xmlns=\"http:\/\/www.w3.org\/2000\/svg\" width=\"12\" height=\"12\" fill=\"none\" viewBox=\"0 0 12 12\">\n\t\t\t\t<path fill=\"#fff\" d=\"M2 0a2 2 0 0 0-2 2v2h1.5V2a.5.5 0 0 1 .5-.5h2V0H2Zm2 10.5H2a.5.5 0 0 1-.5-.5V8H0v2a2 2 0 0 0 2 2h2v-1.5ZM8 12v-1.5h2a.5.5 0 0 0 .5-.5V8H12v2a2 2 0 0 1-2 2H8Zm2-12a2 2 0 0 1 2 2v2h-1.5V2a.5.5 0 0 0-.5-.5H8V0h2Z\" \/>\n\t\t\t<\/svg>\n\t\t<\/button><\/figure>\n<\/div>\n\n\n\n<div class=\"wp-block-column is-layout-flow wp-block-column-is-layout-flow\">\n<figure data-wp-context=\"{&quot;imageId&quot;:&quot;69f6752e90e57&quot;}\" data-wp-interactive=\"core\/image\" data-wp-key=\"69f6752e90e57\" class=\"wp-block-image size-large wp-lightbox-container\"><img loading=\"lazy\" decoding=\"async\" width=\"1024\" height=\"1024\" data-wp-class--hide=\"state.isContentHidden\" data-wp-class--show=\"state.isContentVisible\" data-wp-init=\"callbacks.setButtonStyles\" data-wp-on--click=\"actions.showLightbox\" data-wp-on--load=\"callbacks.setButtonStyles\" data-wp-on-window--resize=\"callbacks.setButtonStyles\" src=\"https:\/\/www.halfyourplate.ca\/wp-content\/uploads\/2026\/04\/Fresh20-Frederiction-April-23-29-03-FR-1024x1024.png\" alt=\"\" class=\"wp-image-40577\" srcset=\"https:\/\/www.halfyourplate.ca\/wp-content\/uploads\/2026\/04\/Fresh20-Frederiction-April-23-29-03-FR-1024x1024.png 1024w, https:\/\/www.halfyourplate.ca\/wp-content\/uploads\/2026\/04\/Fresh20-Frederiction-April-23-29-03-FR-300x300.png 300w, https:\/\/www.halfyourplate.ca\/wp-content\/uploads\/2026\/04\/Fresh20-Frederiction-April-23-29-03-FR-150x150.png 150w, https:\/\/www.halfyourplate.ca\/wp-content\/uploads\/2026\/04\/Fresh20-Frederiction-April-23-29-03-FR-500x500.png 500w, https:\/\/www.halfyourplate.ca\/wp-content\/uploads\/2026\/04\/Fresh20-Frederiction-April-23-29-03-FR.png 1080w\" sizes=\"auto, (max-width: 1024px) 100vw, 1024px\" \/><button\n\t\t\tclass=\"lightbox-trigger\"\n\t\t\ttype=\"button\"\n\t\t\taria-haspopup=\"dialog\"\n\t\t\taria-label=\"Agrandir\"\n\t\t\tdata-wp-init=\"callbacks.initTriggerButton\"\n\t\t\tdata-wp-on--click=\"actions.showLightbox\"\n\t\t\tdata-wp-style--right=\"state.imageButtonRight\"\n\t\t\tdata-wp-style--top=\"state.imageButtonTop\"\n\t\t>\n\t\t\t<svg xmlns=\"http:\/\/www.w3.org\/2000\/svg\" width=\"12\" height=\"12\" fill=\"none\" viewBox=\"0 0 12 12\">\n\t\t\t\t<path fill=\"#fff\" d=\"M2 0a2 2 0 0 0-2 2v2h1.5V2a.5.5 0 0 1 .5-.5h2V0H2Zm2 10.5H2a.5.5 0 0 1-.5-.5V8H0v2a2 2 0 0 0 2 2h2v-1.5ZM8 12v-1.5h2a.5.5 0 0 0 .5-.5V8H12v2a2 2 0 0 1-2 2H8Zm2-12a2 2 0 0 1 2 2v2h-1.5V2a.5.5 0 0 0-.5-.5H8V0h2Z\" \/>\n\t\t\t<\/svg>\n\t\t<\/button><\/figure>\n<\/div>\n\n\n\n<div class=\"wp-block-column is-layout-flow wp-block-column-is-layout-flow\"><\/div>\n<\/div>\n\n\n\n<div class=\"wp-block-buttons is-layout-flex wp-block-buttons-is-layout-flex\">\n<div class=\"wp-block-button\"><a class=\"wp-block-button__link wp-element-button\" href=\"https:\/\/www.dropbox.com\/scl\/fo\/drvwc4mcn3rplvyph9t4z\/h?rlkey=rb9ssq557a0388a1bs8fyf42i&amp;st=klgzqsdb&amp;dl=0\" rel=\"nofollow noopener\" target=\"_blank\">Consultez fresh20 dans votre ville<\/a><\/div>\n<\/div>\n\n\n\n<h2 class=\"wp-block-heading\">2. &nbsp;Pr\u00e9parez un plan de repas&nbsp;pour \u00e9conomiser sur les fruits et l\u00e9gumes<\/h2>\n\n\n\n<p>Si vous prenez le temps de planifier vos repas, non seulement vous passerez moins de temps \u00e0 faire vos courses, mais vous pourrez aussi \u00e9conomiser votre argent. Pourquoi? Vous aurez probablement suffisamment de nourriture pour le reste de la semaine et aurez moins recours aux repas \u00e0 emporter. Si vous n\u2019avez jamais planifi\u00e9 vos repas, voici quelques conseils qui vous aideront \u00e0 vous lancer&nbsp;:<\/p>\n\n\n\n<ul class=\"wp-block-list\">\n<li>Dressez une liste des repas que vous aimeriez pr\u00e9parer pour la semaine.<\/li>\n\n\n\n<li>Int\u00e9grez \u00e0 votre plan de repas les aliments que vous avez d\u00e9j\u00e0 dans votre r\u00e9frig\u00e9rateur et garde-manger. Pr\u00e9voyez d\u2019utiliser des fruits et l\u00e9gumes frais qui risquent de se g\u00e2ter au cours des prochains jours.<\/li>\n\n\n\n<li>Recherchez les offres sp\u00e9ciales sur les fruits et l\u00e9gumes dans les circulaires des \u00e9piceries et planifiez vos repas en fonction de ces produits.<\/li>\n\n\n\n<li>Planifiez des repas \u00e9quilibr\u00e9s et nutritifs en remplissant&nbsp;<em>la moiti\u00e9 de votre assiette<\/em>&nbsp;avec des fruits et des l\u00e9gumes. Pour des id\u00e9es de recette, rendez-vous \u00e0 l\u2019adresse&nbsp;<a href=\"https:\/\/www.halfyourplate.ca\/fr\/blog\/recettes\/\">visezlamoitie.ca\/recettes<\/a>.<\/li>\n\n\n\n<li>Pr\u00e9parez votre liste d\u2019\u00e9picerie en fonction de votre plan de repas et des aliments que vous avez sous la main.<\/li>\n<\/ul>\n\n\n\n<h2 class=\"wp-block-heading\">3. &nbsp;Int\u00e9grez des fruits et l\u00e9gumes frais qui constituent de bons achats tout au long de l\u2019ann\u00e9e<\/h2>\n\n\n\n<p>Les pommes, oranges, bananes, carottes, choux, oignons et patates douces sont g\u00e9n\u00e9ralement offerts \u00e0 prix avantageux tout au long de l\u2019ann\u00e9e. Connaissez-vous le chou? Le chou peut \u00eatre saut\u00e9 \u00e0 la po\u00eale, hach\u00e9 en salade ou roul\u00e9 en cigares au chou.<\/p>\n\n\n\n<h2 class=\"wp-block-heading\">4. Privil\u00e9giez les fruits et l\u00e9gumes vendus en sacs plut\u00f4t qu\u2019\u00e0 l\u2019unit\u00e9<\/h2>\n\n\n\n<p>Les pommes de terre, oignons, carottes et pommes vendues en sac sont g\u00e9n\u00e9ralement moins chers que les produits \u00e0 l\u2019unit\u00e9. La plupart de ces produits, lorsqu\u2019ils sont correctement conserv\u00e9s, peuvent rester frais jusqu\u2019\u00e0 un mois. Si vous craignez que vos fruits et l\u00e9gumes ne se g\u00e2tent avant d\u2019avoir pass\u00e9 \u00e0 travers le sac, optez plut\u00f4t pour l\u2019achat \u00e0 l\u2019unit\u00e9 ou congelez-les pour les consommer plus tard.<\/p>\n\n\n\n<h2 class=\"wp-block-heading\">5. Recherchez des fruits et l\u00e9gumes de saison<\/h2>\n\n\n\n<p>En ce d\u00e9but de printemps, privil\u00e9giez les fruits et l\u00e9gumes qui sont de saison en ce moment, tels que les pommes, les fraises, la rhubarbe, les asperges, les concombres et la laitue. En saison, ces fruits et l\u00e9gumes d\u00e9bordent de saveurs et sont souvent offerts \u00e0 bon prix.<\/p>\n\n\n\n<h2 class=\"wp-block-heading\">6. Recherchez les fruits et l\u00e9gumes \u00ab&nbsp;imparfaits&nbsp;\u00bb.<\/h2>\n\n\n\n<p>Certaines \u00e9piceries offrent maintenant des fruits et l\u00e9gumes \u00ab&nbsp;imparfaits&nbsp;\u00bb, dont la couleur ou la taille est souvent diff\u00e9rente de celles des produits que vous voyez habituellement. La bonne nouvelle, c\u2019est que ces fruits et l\u00e9gumes sont tout aussi nutritifs et co\u00fbtent moins cher.<\/p>\n\n\n\n<h2 class=\"wp-block-heading\">7. Pr\u00e9parez vous-m\u00eame vos fruits et l\u00e9gumes<\/h2>\n\n\n\n<p>Les fruits et l\u00e9gumes pr\u00e9lav\u00e9s et pr\u00e9coup\u00e9s permettent de gagner du temps, mais co\u00fbtent g\u00e9n\u00e9ralement plus cher. Vous pouvez \u00e9conomiser en coupant et en lavant vous-m\u00eames vos fruits et l\u00e9gumes. Profitez de vos soir\u00e9es moins charg\u00e9es pour les pr\u00e9parer ou faites-le imm\u00e9diatement apr\u00e8s avoir d\u00e9ball\u00e9 votre \u00e9picerie. Coupez vos c\u00e9leris et carottes, puis conservez-les au r\u00e9frig\u00e9rateur. Vous aurez ainsi une solution de collation rapide.<\/p>\n\n\n\n<h2 class=\"wp-block-heading\">8. Conservez correctement vos fruits et l\u00e9gumes<\/h2>\n\n\n\n<p>Que ce soit sur le comptoir, dans le r\u00e9frig\u00e9rateur ou dans le garde-manger, les fruits et l\u00e9gumes restent frais plus longtemps lorsqu\u2019ils sont conserv\u00e9s au bon endroit. \u00c9vitez que vos fruits et l\u00e9gumes ne se g\u00e2tent trop vite vous permettra d\u2019\u00e9conomiser.&nbsp;<\/p>\n\n\n\n<h2 class=\"wp-block-heading\">9. Cultivez vos fruits et l\u00e9gumes<\/h2>\n\n\n\n<p>En \u00e9t\u00e9, essayez de cultiver vos propres fruits et l\u00e9gumes. C&rsquo;est un moyen rentable d&rsquo;\u00e9conomiser de l&rsquo;argent sur les fruits et l\u00e9gumes pendant l&rsquo;\u00e9t\u00e9. Jetez un coup d&rsquo;\u0153il \u00e0 ces id\u00e9es de<a href=\"https:\/\/www.halfyourplate.ca\/fr\/blog\/cultivez-votre-repas-idees-pour-les-grands-ou-les-petits-jardins\/\"> jardinage faciles \u00e0 mettre en \u0153uvre pour commencer.<\/a><\/p>\n\n\n\n<h2 class=\"wp-block-heading\">10. T\u00e9l\u00e9chargez notre guide pour \u00e9conomiser l&rsquo;argent sur les fruits et l\u00e9gumes<\/h2>\n\n\n\n<p>Comprendre comment \u00e9conomiser sur les fruits et l\u00e9gumes frais peut vous aider \u00e0 maximiser votre budget alimentaire. Dans ce guide, vous d\u00e9couvrirez comment \u00e9conomiser sur les fruits et l\u00e9gumes \u00e0 l\u2019\u00e9picerie et vous apprendrez des recettes \u00e9conomiques faciles. Vous obtiendrez \u00e9galement des conseils pratiques pour gaspiller moins de fruits et l\u00e9gumes \u00e0 la maison, afin de gaspiller moins d\u2019argent.<\/p>\n\n\n\n<div class=\"wp-block-columns is-layout-flex wp-container-core-columns-is-layout-9d6595d7 wp-block-columns-is-layout-flex\">\n<div class=\"wp-block-column is-layout-flow wp-block-column-is-layout-flow\" style=\"flex-basis:100%\">\n<div class=\"wp-block-columns is-layout-flex wp-container-core-columns-is-layout-9d6595d7 wp-block-columns-is-layout-flex\">\n<div class=\"wp-block-column is-layout-flow wp-block-column-is-layout-flow\">\n<div class=\"wp-block-columns is-layout-flex wp-container-core-columns-is-layout-9d6595d7 wp-block-columns-is-layout-flex\">\n<div class=\"wp-block-column is-layout-flow wp-block-column-is-layout-flow\">\n<figure class=\"wp-block-image size-full\"><a href=\"https:\/\/halfyourplate.net\/SavingMoneyGuideFR\" rel=\"nofollow noopener\" target=\"_blank\"><img loading=\"lazy\" decoding=\"async\" width=\"602\" height=\"779\" src=\"https:\/\/www.halfyourplate.ca\/wp-content\/uploads\/2023\/12\/Screenshot-2023-01-26-132157-FR.jpg\" alt=\"\" class=\"wp-image-36014\"\/><\/a><\/figure>\n<\/div>\n\n\n\n<div class=\"wp-block-column is-layout-flow wp-block-column-is-layout-flow\"><\/div>\n<\/div>\n<\/div>\n\n\n\n<div class=\"wp-block-column is-layout-flow wp-block-column-is-layout-flow\">\n<div class=\"wp-block-columns is-layout-flex wp-container-core-columns-is-layout-9d6595d7 wp-block-columns-is-layout-flex\">\n<div class=\"wp-block-column is-layout-flow wp-block-column-is-layout-flow\"><\/div>\n\n\n\n<div class=\"wp-block-column is-layout-flow wp-block-column-is-layout-flow\"><\/div>\n<\/div>\n<\/div>\n<\/div>\n<\/div>\n<\/div>\n\n\n\n<div class=\"wp-block-columns is-layout-flex wp-container-core-columns-is-layout-9d6595d7 wp-block-columns-is-layout-flex\">\n<div class=\"wp-block-column is-layout-flow wp-block-column-is-layout-flow\">\n<div class=\"wp-block-columns is-layout-flex wp-container-core-columns-is-layout-9d6595d7 wp-block-columns-is-layout-flex\">\n<div class=\"wp-block-column is-layout-flow wp-block-column-is-layout-flow\"><\/div>\n\n\n\n<div class=\"wp-block-column is-layout-flow wp-block-column-is-layout-flow\"><\/div>\n<\/div>\n<\/div>\n<\/div>\n\n\n\n<div class=\"wp-block-buttons is-layout-flex wp-block-buttons-is-layout-flex\">\n<div class=\"wp-block-button\"><a class=\"wp-block-button__link wp-element-button\" href=\"https:\/\/halfyourplate.net\/SavingMoneyGuideFR\" rel=\"nofollow noopener\" target=\"_blank\">\u00e9conomiser sur les fruits et l\u00e9gumes<\/a><\/div>\n<\/div>\n","protected":false},"excerpt":{"rendered":"<p>1. Recherchez les offres sp\u00e9ciales sur les fruits et l\u00e9gumes dans les circulaires Magasiner les circulaires pour conna\u00eetre les sp\u00e9ciaux&#8230;<\/p>\n","protected":false},"author":1,"featured_media":38076,"parent":29665,"menu_order":0,"comment_status":"closed","ping_status":"closed","template":"","meta":{"inline_featured_image":false,"wprm-recipe-roundup-name":"","wprm-recipe-roundup-description":"","wpupg_custom_link":[],"wpupg_custom_link_behaviour":[],"wpupg_custom_link_nofollow":[],"wpupg_custom_image":[],"wpupg_custom_image_id":[],"footnotes":""},"class_list":["post-29835","page","type-page","status-publish","has-post-thumbnail","hentry"],"acf":[],"_links":{"self":[{"href":"https:\/\/www.halfyourplate.ca\/fr\/wp-json\/wp\/v2\/pages\/29835","targetHints":{"allow":["GET"]}}],"collection":[{"href":"https:\/\/www.halfyourplate.ca\/fr\/wp-json\/wp\/v2\/pages"}],"about":[{"href":"https:\/\/www.halfyourplate.ca\/fr\/wp-json\/wp\/v2\/types\/page"}],"author":[{"embeddable":true,"href":"https:\/\/www.halfyourplate.ca\/fr\/wp-json\/wp\/v2\/users\/1"}],"replies":[{"embeddable":true,"href":"https:\/\/www.halfyourplate.ca\/fr\/wp-json\/wp\/v2\/comments?post=29835"}],"version-history":[{"count":4,"href":"https:\/\/www.halfyourplate.ca\/fr\/wp-json\/wp\/v2\/pages\/29835\/revisions"}],"predecessor-version":[{"id":40580,"href":"https:\/\/www.halfyourplate.ca\/fr\/wp-json\/wp\/v2\/pages\/29835\/revisions\/40580"}],"up":[{"embeddable":true,"href":"https:\/\/www.halfyourplate.ca\/fr\/wp-json\/wp\/v2\/pages\/29665"}],"wp:featuredmedia":[{"embeddable":true,"href":"https:\/\/www.halfyourplate.ca\/fr\/wp-json\/wp\/v2\/media\/38076"}],"wp:attachment":[{"href":"https:\/\/www.halfyourplate.ca\/fr\/wp-json\/wp\/v2\/media?parent=29835"}],"curies":[{"name":"wp","href":"https:\/\/api.w.org\/{rel}","templated":true}]}}