{"id":29841,"date":"2022-08-22T16:32:22","date_gmt":"2022-08-22T20:32:22","guid":{"rendered":"http:\/\/cpm-09.eproofs.ca\/faits-de-fruits-et-legumes\/ressources-au-sujet-de-la-covid-19\/"},"modified":"2023-01-13T16:13:05","modified_gmt":"2023-01-13T21:13:05","slug":"ressources-au-sujet-de-la-covid-19","status":"publish","type":"page","link":"https:\/\/www.halfyourplate.ca\/fr\/fruits-et-legumes\/ressources-au-sujet-de-la-covid-19\/","title":{"rendered":"Ressources au sujet de la COVID-19"},"content":{"rendered":"\n<p>Devant les r\u00e9percussions de la pand\u00e9mie de COVID-19,\u00a0<em>Visez la moiti\u00e9 pour votre sant\u00e9<\/em>\u00a0a constitu\u00e9 un ensemble de ressources sur la nourriture et l\u2019alimentation pour vous aider \u00e0 prot\u00e9ger votre sant\u00e9 et celle de votre famille et de vos amis. Que vous recherchiez de l\u2019aide pour la planification des repas, l\u2019\u00e9picerie, la manipulation s\u00e9curitaire des fruits et l\u00e9gumes, la bonne conservation de vos fruits et l\u00e9gumes, l\u2019entreposage appropri\u00e9 de vos fruits et l\u00e9gumes ou la participation accrue de vos enfants \u00e0 la cuisine, nous avons pens\u00e9 \u00e0 vous!<\/p>\n\n<h2 class=\"wp-block-heading\">Salubrit\u00e9 des aliments\u00a0: les fruits et l\u00e9gumes et la COVID-19<\/h2>\n\n<div class=\"wp-block-columns is-layout-flex wp-container-core-columns-is-layout-9d6595d7 wp-block-columns-is-layout-flex\">\n<div class=\"wp-block-column is-layout-flow wp-block-column-is-layout-flow\" style=\"flex-basis:33.33%\">\n<figure class=\"wp-block-image size-full\"><img loading=\"lazy\" decoding=\"async\" width=\"650\" height=\"433\" src=\"https:\/\/www.halfyourplate.ca\/wp-content\/uploads\/2022\/08\/Small-iStock-987743910.jpg\" alt=\"Mains qui lavent des l&#xE9;gumes rouges, verts et jaunes dans un bol en verre.\" class=\"wp-image-29821\" srcset=\"https:\/\/www.halfyourplate.ca\/wp-content\/uploads\/2022\/08\/Small-iStock-987743910.jpg 650w, https:\/\/www.halfyourplate.ca\/wp-content\/uploads\/2022\/08\/Small-iStock-987743910-300x200.jpg 300w\" sizes=\"auto, (max-width: 650px) 100vw, 650px\" \/><\/figure>\n<\/div>\n\n\n\n<div class=\"wp-block-column is-vertically-aligned-center is-layout-flow wp-block-column-is-layout-flow\" style=\"flex-basis:66.66%\">\n<ul class=\"wp-block-list\"><li><a href=\"https:\/\/www.halfyourplate.ca\/fr\/blog\/comment-devrais-je-manipuler-mes-fruits-et-legumes-pendant-la-periode-de-covid-19\/\">Comment devrais-je manipuler mes fruits et l\u00e9gumes pendant la p\u00e9riode de COVID-19?<\/a><\/li><li><a href=\"https:\/\/www.halfyourplate.ca\/fruits-and-veggies\/hot-topics\/\">COVID-19 Information on Produce for Consumers<\/a><\/li><li><a href=\"https:\/\/cpma.info\/SafeHandling\" target=\"_blank\" rel=\"noreferrer noopener nofollow\">Comment manipuler vos fruits et l\u00e9gumes de fa\u00e7on s\u00e9curitaire<\/a><\/li><li><a href=\"https:\/\/healthycanadians.gc.ca\/recall-alert-rappel-avis\/hc-sc\/2020\/72687a-eng.php\" target=\"_blank\" rel=\"noreferrer noopener nofollow\">Sant\u00e9 Canada\u00a0: \u00a0Les d\u00e9sinfectants pour les mains faits maison peuvent pr\u00e9senter des risques pour la sant\u00e9<\/a><\/li><\/ul>\n<\/div>\n<\/div>\n\n<h2 class=\"wp-block-heading\">Entreposage des fruits et l\u00e9gumes<\/h2>\n\n<div class=\"wp-block-columns is-layout-flex wp-container-core-columns-is-layout-9d6595d7 wp-block-columns-is-layout-flex\">\n<div class=\"wp-block-column is-layout-flow wp-block-column-is-layout-flow\" style=\"flex-basis:33.33%\">\n<figure class=\"wp-block-image size-full\"><img loading=\"lazy\" decoding=\"async\" width=\"680\" height=\"452\" src=\"https:\/\/www.halfyourplate.ca\/wp-content\/uploads\/2022\/08\/storage-1.jpg\" alt=\"femme qui mange des raisins devant un frigidaire ouvert\" class=\"wp-image-29823\" srcset=\"https:\/\/www.halfyourplate.ca\/wp-content\/uploads\/2022\/08\/storage-1.jpg 680w, https:\/\/www.halfyourplate.ca\/wp-content\/uploads\/2022\/08\/storage-1-300x199.jpg 300w\" sizes=\"auto, (max-width: 680px) 100vw, 680px\" \/><\/figure>\n<\/div>\n\n\n\n<div class=\"wp-block-column is-vertically-aligned-center is-layout-flow wp-block-column-is-layout-flow\" style=\"flex-basis:66.66%\">\n<ul class=\"wp-block-list\"><li><a href=\"https:\/\/www.halfyourplate.ca\/fr\/fruits-et-legumes\/comment-conserver\/\">Comment puis-je stocker mes fruits et l\u00e9gumes pour qu\u2019ils durent le plus longtemps que possible?<\/a><\/li><li><a href=\"https:\/\/www.halfyourplate.ca\/wp-content\/uploads\/2022\/08\/cpma_fruits_and_vegetables_freezing_guide_screen.pdf\" target=\"_blank\" rel=\"noreferrer noopener\">Guide de la cong\u00e9lation de l\u00e9gumes frais \u00e0 la maison<\/a><\/li><li><a href=\"https:\/\/www.halfyourplate.ca\/wp-content\/uploads\/2022\/08\/cpma_fruits_and_vegetables_storage_guide-final2.pdf\" target=\"_blank\" rel=\"noreferrer noopener\">Guide d\u2019entreposage des fruits et l\u00e9gumes frais \u00e0 la maison<\/a><\/li><li><a href=\"https:\/\/www.halfyourplate.ca\/wp-content\/uploads\/2022\/08\/Produce-Storage-Guide-1-Pager.pdf\" target=\"_blank\" rel=\"noreferrer noopener\">Document d\u2019une page \u00e0 propos de l\u2019entreposage des fruits et l\u00e9gumes frais<\/a><\/li><\/ul>\n<\/div>\n<\/div>\n\n<h2 class=\"wp-block-heading\">\u00c9picerie<\/h2>\n\n<div class=\"wp-block-columns is-layout-flex wp-container-core-columns-is-layout-9d6595d7 wp-block-columns-is-layout-flex\">\n<div class=\"wp-block-column is-layout-flow wp-block-column-is-layout-flow\" style=\"flex-basis:33.33%\">\n<figure class=\"wp-block-image size-full\"><img loading=\"lazy\" decoding=\"async\" width=\"600\" height=\"400\" src=\"https:\/\/www.halfyourplate.ca\/wp-content\/uploads\/2022\/08\/woman-shopping-for-produce.jpg\" alt=\"femme qui choisit des fruits et l&#xE9;gumes\" class=\"wp-image-29827\" srcset=\"https:\/\/www.halfyourplate.ca\/wp-content\/uploads\/2022\/08\/woman-shopping-for-produce.jpg 600w, https:\/\/www.halfyourplate.ca\/wp-content\/uploads\/2022\/08\/woman-shopping-for-produce-300x200.jpg 300w\" sizes=\"auto, (max-width: 600px) 100vw, 600px\" \/><\/figure>\n<\/div>\n\n\n\n<div class=\"wp-block-column is-vertically-aligned-center is-layout-flow wp-block-column-is-layout-flow\" style=\"flex-basis:66.66%\">\n<ul class=\"wp-block-list\"><li><a href=\"https:\/\/www.halfyourplate.ca\/blog\/smart-shopping-tips-to-add-more-fruits-and-veggies-to-your-diet\/\">Conseils fut\u00e9s \u00e0 l\u2019\u00e9picerie pour ajouter des fruits et l\u00e9gumes \u00e0 votre alimentation<\/a><\/li><li><a href=\"https:\/\/www.halfyourplate.ca\/fr\/fruits-et-legumes\/que-pouvez-vous-acheter-avec-20\/\" data-type=\"page\" data-id=\"29392\">Que peut vous obtenir pour 20\u00a0$?<\/a><\/li><li><a href=\"https:\/\/www.halfyourplate.ca\/fr\/blog\/quavez-vous-sur-votre-liste\/\">Qu\u2019avez-vous sur votre liste d\u2019\u00e9picerie?<\/a><\/li><\/ul>\n<\/div>\n<\/div>\n\n<h2 class=\"wp-block-heading\">Planification des repas et id\u00e9es de recette<\/h2>\n\n<div class=\"wp-block-columns is-layout-flex wp-container-core-columns-is-layout-9d6595d7 wp-block-columns-is-layout-flex\">\n<div class=\"wp-block-column is-layout-flow wp-block-column-is-layout-flow\" style=\"flex-basis:33.33%\">\n<figure class=\"wp-block-image size-large\"><img loading=\"lazy\" decoding=\"async\" width=\"1024\" height=\"567\" src=\"https:\/\/www.halfyourplate.ca\/wp-content\/uploads\/2022\/08\/Roasted-Carrots-and-Beets-1024x567.jpg\" alt=\"Carottes et betteraves r&#xF4;ties dans un plat &#xE0; cuisson\" class=\"wp-image-29829\" srcset=\"https:\/\/www.halfyourplate.ca\/wp-content\/uploads\/2022\/08\/Roasted-Carrots-and-Beets-1024x567.jpg 1024w, https:\/\/www.halfyourplate.ca\/wp-content\/uploads\/2022\/08\/Roasted-Carrots-and-Beets-300x166.jpg 300w, https:\/\/www.halfyourplate.ca\/wp-content\/uploads\/2022\/08\/Roasted-Carrots-and-Beets.jpg 1208w\" sizes=\"auto, (max-width: 1024px) 100vw, 1024px\" \/><\/figure>\n<\/div>\n\n\n\n<div class=\"wp-block-column is-layout-flow wp-block-column-is-layout-flow\" style=\"flex-basis:66.66%\">\n<ul class=\"wp-block-list\"><li><a href=\"https:\/\/cpma.info\/HYPBlogMoneySavingTips\" target=\"_blank\" rel=\"noreferrer noopener nofollow\">Dix bons conseils pour \u00e9conomiser sur les fruits et l\u00e9gumes pendant la pand\u00e9mie de COVID-19<\/a><\/li><li><a href=\"https:\/\/www.halfyourplate.ca\/fr\/blog\/profitez-au-maximum-de-vos-fruits-et-legumes-pendant-la-pandemie-de-covid-19\/\">Profitez au maximum de vos fruits et l\u00e9gumes pendant la pand\u00e9mie de COVID-19<\/a><\/li><li><a href=\"https:\/\/www.halfyourplate.ca\/fr\/blog\/bien-manger-sans-passer-des-heures-dans-la-cuisine\/\">Bien manger sans passer des heures dans la cuisine<\/a><\/li><li><a href=\"https:\/\/www.halfyourplate.ca\/fr\/blog\/5-astuces-pour-des-lunchs-simples-et-delicieux\/\">5\u00a0astuces pour des lunchs simples et d\u00e9licieux<\/a><\/li><li><a href=\"https:\/\/www.halfyourplate.ca\/fr\/blog\/12-collations-a-base-de-fruits-et-legumes\/\">12\u00a0collations \u00e0 base de fruits et l\u00e9gumes<\/a><\/li><li><a href=\"https:\/\/www.halfyourplate.ca\/blog\/5-ingredient-salads\/\">Salades compos\u00e9es de 5\u00a0ingr\u00e9dients<\/a><\/li><li><a href=\"https:\/\/www.halfyourplate.ca\/blog\/carrots-4-ways\/\">4\u00a0fa\u00e7ons d\u2019appr\u00eater les carottes<\/a><\/li><li><a href=\"https:\/\/www.halfyourplate.ca\/blog\/spaghetti-squash-4-ways\/\">4\u00a0fa\u00e7ons d\u2019appr\u00eater les courges spaghetti<\/a><\/li><li><a href=\"https:\/\/www.halfyourplate.ca\/fr\/blog\/3-facons-de-reutiliser-les-legumes-grilles\/\">3\u00a0fa\u00e7ons de r\u00e9utiliser les l\u00e9gumes grill\u00e9s<\/a><\/li><\/ul>\n<\/div>\n<\/div>\n\n<h2 class=\"wp-block-heading\">Les enfants dans la cuisine et Plan de cours Freggie<\/h2>\n\n<div class=\"wp-block-columns is-layout-flex wp-container-core-columns-is-layout-9d6595d7 wp-block-columns-is-layout-flex\">\n<div class=\"wp-block-column is-layout-flow wp-block-column-is-layout-flow\" style=\"flex-basis:33.33%\">\n<figure class=\"wp-block-image size-full\"><img loading=\"lazy\" decoding=\"async\" width=\"450\" height=\"300\" src=\"https:\/\/www.halfyourplate.ca\/wp-content\/uploads\/2022\/08\/iStock-670901070-small.jpg\" alt=\"\" class=\"wp-image-29831\" srcset=\"https:\/\/www.halfyourplate.ca\/wp-content\/uploads\/2022\/08\/iStock-670901070-small.jpg 450w, https:\/\/www.halfyourplate.ca\/wp-content\/uploads\/2022\/08\/iStock-670901070-small-300x200.jpg 300w\" sizes=\"auto, (max-width: 450px) 100vw, 450px\" \/><\/figure>\n<\/div>\n\n\n\n<div class=\"wp-block-column is-vertically-aligned-center is-layout-flow wp-block-column-is-layout-flow\" style=\"flex-basis:66.66%\">\n<ul class=\"wp-block-list\"><li><a href=\"https:\/\/www.halfyourplate.ca\/blog\/kid-friendly-half-your-plate-tips\/\">Conseils pour\u00a0<em>viser la moiti\u00e9 pour votre sant\u00e9<\/em>\u00a0avec les enfants<\/a><\/li><li><a href=\"https:\/\/www.halfyourplate.ca\/fr\/blog\/meal-prep-facile-pour-des-legumes-toute-la-semaine\/\">\u00ab\u00a0Meal prep\u00a0\u00bb facile pour les familles pour des l\u00e9gumes toute la semaine<\/a><\/li><li><a href=\"https:\/\/freggietales.ca\/parents-home\/curriculum\/\" rel=\"nofollow noopener\" target=\"_blank\">Plan de cours Freggie\u00a0: Plans de cours avec les fruits et l\u00e9gumes de la 1<sup>re<\/sup> \u00e0 la 6<sup>e\u00a0<\/sup>ann\u00e9e<\/a><\/li><li><a href=\"https:\/\/www.halfyourplate.ca\/fr\/blog\/10525\/\">Comment faire participer les enfants aux activit\u00e9s de cuisine pendant la pand\u00e9mie de COVID-19<\/a><\/li><\/ul>\n<\/div>\n<\/div>\n","protected":false},"excerpt":{"rendered":"<p>Devant les r\u00e9percussions de la pand\u00e9mie de COVID-19,\u00a0Visez la moiti\u00e9 pour votre sant\u00e9\u00a0a constitu\u00e9 un ensemble de ressources sur la&#8230;<\/p>\n","protected":false},"author":1,"featured_media":0,"parent":29665,"menu_order":0,"comment_status":"closed","ping_status":"closed","template":"","meta":{"inline_featured_image":false,"wprm-recipe-roundup-name":"","wprm-recipe-roundup-description":"","wpupg_custom_link":[],"wpupg_custom_link_behaviour":[],"wpupg_custom_link_nofollow":[],"wpupg_custom_image":[],"wpupg_custom_image_id":[],"footnotes":""},"class_list":["post-29841","page","type-page","status-publish","hentry"],"acf":[],"_links":{"self":[{"href":"https:\/\/www.halfyourplate.ca\/fr\/wp-json\/wp\/v2\/pages\/29841","targetHints":{"allow":["GET"]}}],"collection":[{"href":"https:\/\/www.halfyourplate.ca\/fr\/wp-json\/wp\/v2\/pages"}],"about":[{"href":"https:\/\/www.halfyourplate.ca\/fr\/wp-json\/wp\/v2\/types\/page"}],"author":[{"embeddable":true,"href":"https:\/\/www.halfyourplate.ca\/fr\/wp-json\/wp\/v2\/users\/1"}],"replies":[{"embeddable":true,"href":"https:\/\/www.halfyourplate.ca\/fr\/wp-json\/wp\/v2\/comments?post=29841"}],"version-history":[{"count":4,"href":"https:\/\/www.halfyourplate.ca\/fr\/wp-json\/wp\/v2\/pages\/29841\/revisions"}],"predecessor-version":[{"id":32636,"href":"https:\/\/www.halfyourplate.ca\/fr\/wp-json\/wp\/v2\/pages\/29841\/revisions\/32636"}],"up":[{"embeddable":true,"href":"https:\/\/www.halfyourplate.ca\/fr\/wp-json\/wp\/v2\/pages\/29665"}],"wp:attachment":[{"href":"https:\/\/www.halfyourplate.ca\/fr\/wp-json\/wp\/v2\/media?parent=29841"}],"curies":[{"name":"wp","href":"https:\/\/api.w.org\/{rel}","templated":true}]}}