{"id":29850,"date":"2022-08-22T16:46:32","date_gmt":"2022-08-22T20:46:32","guid":{"rendered":"http:\/\/cpm-09.eproofs.ca\/professionels-de-la-sante\/"},"modified":"2025-11-11T10:33:18","modified_gmt":"2025-11-11T15:33:18","slug":"pro-de-sante","status":"publish","type":"page","link":"https:\/\/www.halfyourplate.ca\/fr\/pro-de-sante\/","title":{"rendered":"Professionnels de la sant\u00e9"},"content":{"rendered":"\n<div class=\"wp-block-group\"><div class=\"wp-block-group__inner-container is-layout-flow wp-block-group-is-layout-flow\">\n<h2 class=\"wp-block-heading\">Bienvenue au r\u00e9seau des professionnels de la sant\u00e9 de Visez la moiti\u00e9 pour votre sant\u00e9!<\/h2>\n\n\n\n<figure class=\"wp-block-image size-large is-resized\"><img loading=\"lazy\" decoding=\"async\" width=\"1024\" height=\"682\" src=\"https:\/\/www.halfyourplate.ca\/wp-content\/uploads\/2022\/09\/220227763-1-1024x682.jpg\" alt=\"\" class=\"wp-image-31439\" style=\"width:768px;height:512px\" srcset=\"https:\/\/www.halfyourplate.ca\/wp-content\/uploads\/2022\/09\/220227763-1-1024x682.jpg 1024w, https:\/\/www.halfyourplate.ca\/wp-content\/uploads\/2022\/09\/220227763-1-300x200.jpg 300w, https:\/\/www.halfyourplate.ca\/wp-content\/uploads\/2022\/09\/220227763-1-scaled.jpg 1920w\" sizes=\"auto, (max-width: 1024px) 100vw, 1024px\" \/><\/figure>\n\n\n\n<h3 class=\"wp-block-heading\">Qu\u2019est-ce que Visez la moiti\u00e9 pour votre sant\u00e9?<\/h3>\n\n\n\n<p><em>Visez la moiti\u00e9 pour votre sant\u00e9<\/em>&nbsp;est une initiative de promotion d\u2019un mode de vie sain qui vise \u00e0 encourager tous les Canadiens \u00e0 consommer plus de fruits et de l\u00e9gumes afin d\u2019am\u00e9liorer leur sant\u00e9. &nbsp;Qu\u2019ils s\u2019agissent d\u2019astuces pour \u00e9conomiser ou de conseils sur l\u2019entreposage des fruits et l\u00e9gumes,&nbsp;<em>Visez la moiti\u00e9 pour votre sant\u00e9&nbsp;<\/em>propose aux Canadiens des fa\u00e7ons amusantes et pratiques de remplir la moiti\u00e9 de leurs assiettes de fruits et de l\u00e9gumes. Nos partenaires en sant\u00e9, <em>la Soci\u00e9t\u00e9 canadienne du cancer,&nbsp;<\/em>l\u2019<em>Association canadienne de sant\u00e9 publique&nbsp;<\/em>et la<em>&nbsp;Fondation des maladies du c\u0153ur et de l\u2019AVC<\/em>, et nous-m\u00eames sommes d\u2019avis que les di\u00e9t\u00e9tistes et nutritionnistes jouent un r\u00f4le positif et de premier plan sur les habitudes alimentaires des Canadiens.<\/p>\n\n\n\n<h3 class=\"wp-block-heading\">Pourquoi devriez-vous vous joindre \u00e0 notre r\u00e9seau des professionnels de la sant\u00e9?<\/h3>\n\n\n\n<ul class=\"wp-block-list\">\n<li>Prenez votre place comme chef de file dans le domaine des modes de vie sains en vous joignant \u00e0 d\u2019autres di\u00e9t\u00e9tistes et professionnels de la sant\u00e9 de partout au Canada<\/li>\n\n\n\n<li>Recevez notre bulletin \u00e9lectronique mensuel et soyez toujours au courant des plus r\u00e9centes ressources, des nouvelles et des \u00e9v\u00e9nements pertinents pour les professionnels de la sant\u00e9<\/li>\n\n\n\n<li>Acc\u00e9dez \u00e0 des centaines de documents pr\u00eats \u00e0 \u00eatre utilis\u00e9s, notamment des fiches d\u2019information ou des infographies sur les fruits et l\u00e9gumes, des guides d\u2019entreposage et des recettes<\/li>\n\n\n\n<li>Faites la promotion de vos services li\u00e9s \u00e0 la nutrition sur le r\u00e9pertoire des professionnels de la sant\u00e9 de notre site Web, consult\u00e9 par plus d\u2019un million d\u2019utilisateurs par ann\u00e9e<\/li>\n<\/ul>\n\n\n\n<div class=\"wp-block-buttons is-layout-flex wp-block-buttons-is-layout-flex\">\n<div class=\"wp-block-button is-style-fill\"><a class=\"wp-block-button__link has-black-color has-default-background-color has-text-color has-background wp-element-button\" href=\"https:\/\/www.halfyourplate.ca\/fr\/repertoire\/inscription-des-dietetistes\/\">Se joindre au r\u00e9seau<\/a><\/div>\n<\/div>\n\n\n\n<h2 class=\"wp-block-heading\">\u00c9v\u00e9nements \u00e0 venir<\/h2>\n\n\n\n<figure class=\"wp-block-image size-full is-resized\"><img loading=\"lazy\" decoding=\"async\" width=\"600\" height=\"90\" src=\"https:\/\/www.halfyourplate.ca\/wp-content\/uploads\/2025\/11\/Save-the-Date-HYP-Symposium-French.jpg\" alt=\"\" class=\"wp-image-39889\" style=\"width:600px;height:auto\" srcset=\"https:\/\/www.halfyourplate.ca\/wp-content\/uploads\/2025\/11\/Save-the-Date-HYP-Symposium-French.jpg 600w, https:\/\/www.halfyourplate.ca\/wp-content\/uploads\/2025\/11\/Save-the-Date-HYP-Symposium-French-300x45.jpg 300w\" sizes=\"auto, (max-width: 600px) 100vw, 600px\" \/><\/figure>\n\n\n\n<h4 class=\"wp-block-heading\"><strong>Symposium <em>Visez la moiti\u00e9<\/em> pour les professionnels de la sant\u00e9 2026<\/strong><br><\/h4>\n\n\n\n<p>Rencontrez des di\u00e9t\u00e9tistes, des professionnels de la sant\u00e9 et des repr\u00e9sentants du secteur des fruits et l\u00e9gumes au cours d\u2019une journ\u00e9e remplie d\u2019apprentissages pratiques, d\u2019inspiration et de r\u00e9seautage, le tout dans le but d\u2019aider la population canadienne \u00e0 consommer plus de fruits et l\u00e9gumes pour am\u00e9liorer leur sant\u00e9. Le programme <em>Visez la moiti\u00e9 pour votre sant\u00e9<\/em> est fier de s\u2019associer aux <strong><em>Di\u00e9t\u00e9tistes du Canada<\/em><\/strong> pour organiser cet \u00e9v\u00e9nement en marge de l\u2019Expo-congr\u00e8s annuel de l\u2019Association canadienne de la distribution de fruits et l\u00e9gumes (ACDFL). Joignez-vous \u00e0 nous le<strong> jeudi\u00a030\u00a0avril\u00a02026<\/strong> au <strong>Palais des congr\u00e8s du Toronto m\u00e9tropolitain<\/strong> \u00e0 Toronto, en Ontario.\u00a0<\/p>\n\n\n\n<div class=\"wp-block-buttons is-layout-flex wp-block-buttons-is-layout-flex\">\n<div class=\"wp-block-button\"><a class=\"wp-block-button__link wp-element-button\" href=\"https:\/\/convention.cpma.ca\/fr\/horaire\/le-symposium-visez-la-moitie-pour-les-professionnels-de-la-sante\/\" rel=\"nofollow noopener\" target=\"_blank\">En savoir plus<\/a><\/div>\n<\/div>\n\n\n\n<h2 class=\"wp-block-heading\">Vous faites d\u00e9j\u00e0 partie du r\u00e9pertoire?<\/h2>\n\n\n\n<div class=\"wp-block-buttons is-layout-flex wp-block-buttons-is-layout-flex\">\n<div class=\"wp-block-button has-custom-width wp-block-button__width-50 is-style-fill\"><a class=\"wp-block-button__link has-green-background-color has-background wp-element-button\" href=\"https:\/\/www.halfyourplate.ca\/login\/\">Ouvrez une session<\/a><\/div>\n<\/div>\n\n\n\n<p><\/p>\n\n\n\n<p><\/p>\n\n\n\n<p><\/p>\n\n\n\n<p><\/p>\n<\/div><\/div>\n","protected":false},"excerpt":{"rendered":"<p>Bienvenue au r\u00e9seau des professionnels de la sant\u00e9 de Visez la moiti\u00e9 pour votre sant\u00e9! Qu\u2019est-ce que Visez la moiti\u00e9&#8230;<\/p>\n","protected":false},"author":1,"featured_media":31438,"parent":0,"menu_order":0,"comment_status":"closed","ping_status":"closed","template":"","meta":{"inline_featured_image":false,"wprm-recipe-roundup-name":"","wprm-recipe-roundup-description":"","wpupg_custom_link":[],"wpupg_custom_link_behaviour":[],"wpupg_custom_link_nofollow":[],"wpupg_custom_image":[],"wpupg_custom_image_id":[],"footnotes":""},"class_list":["post-29850","page","type-page","status-publish","has-post-thumbnail","hentry"],"acf":[],"_links":{"self":[{"href":"https:\/\/www.halfyourplate.ca\/fr\/wp-json\/wp\/v2\/pages\/29850","targetHints":{"allow":["GET"]}}],"collection":[{"href":"https:\/\/www.halfyourplate.ca\/fr\/wp-json\/wp\/v2\/pages"}],"about":[{"href":"https:\/\/www.halfyourplate.ca\/fr\/wp-json\/wp\/v2\/types\/page"}],"author":[{"embeddable":true,"href":"https:\/\/www.halfyourplate.ca\/fr\/wp-json\/wp\/v2\/users\/1"}],"replies":[{"embeddable":true,"href":"https:\/\/www.halfyourplate.ca\/fr\/wp-json\/wp\/v2\/comments?post=29850"}],"version-history":[{"count":5,"href":"https:\/\/www.halfyourplate.ca\/fr\/wp-json\/wp\/v2\/pages\/29850\/revisions"}],"predecessor-version":[{"id":39893,"href":"https:\/\/www.halfyourplate.ca\/fr\/wp-json\/wp\/v2\/pages\/29850\/revisions\/39893"}],"wp:featuredmedia":[{"embeddable":true,"href":"https:\/\/www.halfyourplate.ca\/fr\/wp-json\/wp\/v2\/media\/31438"}],"wp:attachment":[{"href":"https:\/\/www.halfyourplate.ca\/fr\/wp-json\/wp\/v2\/media?parent=29850"}],"curies":[{"name":"wp","href":"https:\/\/api.w.org\/{rel}","templated":true}]}}