{"id":29854,"date":"2022-08-22T16:52:24","date_gmt":"2022-08-22T20:52:24","guid":{"rendered":"http:\/\/cpm-09.eproofs.ca\/ambassadeurs-sur-le-campus\/"},"modified":"2022-08-26T13:52:13","modified_gmt":"2022-08-26T17:52:13","slug":"ambassadeurs-sur-le-campus","status":"publish","type":"page","link":"https:\/\/www.halfyourplate.ca\/fr\/ambassadeurs-sur-le-campus\/","title":{"rendered":"Ambassadeurs sur le campus"},"content":{"rendered":"\n<div class=\"wp-block-group alignwide\"><div class=\"wp-block-group__inner-container is-layout-flow wp-block-group-is-layout-flow\">\n<h2 class=\"wp-block-heading\">Programme d\u2019ambassadeurs sur le campus<\/h2>\n\n\n\n<h3 class=\"wp-block-heading\">Vous \u00eates invit\u00e9s des vous inscrire comme ambassadeur visez la moiti\u00e9 pour votre sant\u00e9 sur le camps!<\/h3>\n\n\n\n<div class=\"wp-block-columns is-layout-flex wp-container-core-columns-is-layout-9d6595d7 wp-block-columns-is-layout-flex\">\n<div class=\"wp-block-column is-layout-flow wp-block-column-is-layout-flow\">\n<div class=\"wp-block-group\"><div class=\"wp-block-group__inner-container is-layout-flow wp-block-group-is-layout-flow\">\n<p>En tant qu\u2019ambassadeur, vous aurez \u00e9galement acc\u00e8s \u00e0 diverses ressources*, y compris :<\/p>\n\n\n\n<ul class=\"wp-block-list\"><li>Des sacs portant la marque&nbsp;<em>Visez la moiti\u00e9<\/em>&nbsp;<em>pour votre sant\u00e9<\/em><\/li><li>De nombreuses vid\u00e9os \u00e9ducatives<\/li><li>Des messages pr\u00e9d\u00e9termin\u00e9s pour les m\u00e9dias sociaux<\/li><li>Des articles pr\u00e9d\u00e9termin\u00e9s \u00e0 inclure dans les bulletins destin\u00e9s aux \u00e9tudiants<\/li><li>De nombreuses infographies<\/li><li>Des blocs-notes pour liste d\u2019\u00e9picerie portant la marque&nbsp;<em>Visez la moiti\u00e9 pour votre sant\u00e9<\/em><\/li><li>Des fiches de recettes<\/li><\/ul>\n\n\n\n<p><a title=\"Enregistrez pour devenir Ambassadeur\" href=\"https:\/\/www.halfyourplate.ca\/fr\/blog\/ambassadeurs-sur-le-campus\/enregistrez-pour-devenir-ambassadeur\/\">Inscrivez-vous ici<\/a>&nbsp;pour devenir ambassadeur&nbsp;<em>Visez la moiti\u00e9 pour votre sant\u00e9<\/em>&nbsp;sur le campus.<\/p>\n\n\n\n<p>Les avantages dont vous b\u00e9n\u00e9ficierez en devenant ambassadeur de&nbsp;<em>Visez la moiti\u00e9<\/em>&nbsp;<em>pour votre sant\u00e9<\/em>&nbsp;sur le campus<\/p>\n\n\n\n<ul class=\"wp-block-list\"><li>Acqu\u00e9rir et maintenir d\u2019excellentes aptitudes en mati\u00e8re de communication et de relations interpersonnelles.<\/li><li>Devenir un v\u00e9ritable chef de file sur le campus.<\/li><li>Apprendre des recettes amusantes, simples et d\u00e9licieuses.<\/li><li>Maintenir un mode de vie favorable \u00e0 la sant\u00e9 et contribuer \u00e0 l\u2019am\u00e9lioration de la sant\u00e9 et du bien-\u00eatre d\u2019autrui.<\/li><li>Am\u00e9liorer vos connaissances sur la sant\u00e9 et l\u2019alimentation, ainsi que leur importance.<\/li><\/ul>\n<\/div><\/div>\n<\/div>\n\n\n\n<div class=\"wp-block-column is-layout-flow wp-block-column-is-layout-flow\" style=\"flex-basis:50%\">\n<figure class=\"wp-block-image size-large\"><img loading=\"lazy\" decoding=\"async\" width=\"1024\" height=\"716\" src=\"https:\/\/www.halfyourplate.ca\/wp-content\/uploads\/2022\/07\/Combined-Photo-1024x716.jpg\" alt=\"\" class=\"wp-image-27108\" srcset=\"https:\/\/www.halfyourplate.ca\/wp-content\/uploads\/2022\/07\/Combined-Photo-1024x716.jpg 1024w, https:\/\/www.halfyourplate.ca\/wp-content\/uploads\/2022\/07\/Combined-Photo-300x210.jpg 300w, https:\/\/www.halfyourplate.ca\/wp-content\/uploads\/2022\/07\/Combined-Photo.jpg 1042w\" sizes=\"auto, (max-width: 1024px) 100vw, 1024px\" \/><\/figure>\n<\/div>\n<\/div>\n<\/div><\/div>\n","protected":false},"excerpt":{"rendered":"<p>Programme d\u2019ambassadeurs sur le campus Vous \u00eates invit\u00e9s des vous inscrire comme ambassadeur visez la moiti\u00e9 pour votre sant\u00e9 sur&#8230;<\/p>\n","protected":false},"author":1,"featured_media":29508,"parent":0,"menu_order":0,"comment_status":"closed","ping_status":"closed","template":"","meta":{"inline_featured_image":false,"wprm-recipe-roundup-name":"","wprm-recipe-roundup-description":"","wpupg_custom_link":[],"wpupg_custom_link_behaviour":[],"wpupg_custom_link_nofollow":[],"wpupg_custom_image":[],"wpupg_custom_image_id":[],"footnotes":""},"class_list":["post-29854","page","type-page","status-publish","has-post-thumbnail","hentry"],"acf":[],"_links":{"self":[{"href":"https:\/\/www.halfyourplate.ca\/fr\/wp-json\/wp\/v2\/pages\/29854","targetHints":{"allow":["GET"]}}],"collection":[{"href":"https:\/\/www.halfyourplate.ca\/fr\/wp-json\/wp\/v2\/pages"}],"about":[{"href":"https:\/\/www.halfyourplate.ca\/fr\/wp-json\/wp\/v2\/types\/page"}],"author":[{"embeddable":true,"href":"https:\/\/www.halfyourplate.ca\/fr\/wp-json\/wp\/v2\/users\/1"}],"replies":[{"embeddable":true,"href":"https:\/\/www.halfyourplate.ca\/fr\/wp-json\/wp\/v2\/comments?post=29854"}],"version-history":[{"count":8,"href":"https:\/\/www.halfyourplate.ca\/fr\/wp-json\/wp\/v2\/pages\/29854\/revisions"}],"predecessor-version":[{"id":30314,"href":"https:\/\/www.halfyourplate.ca\/fr\/wp-json\/wp\/v2\/pages\/29854\/revisions\/30314"}],"wp:featuredmedia":[{"embeddable":true,"href":"https:\/\/www.halfyourplate.ca\/fr\/wp-json\/wp\/v2\/media\/29508"}],"wp:attachment":[{"href":"https:\/\/www.halfyourplate.ca\/fr\/wp-json\/wp\/v2\/media?parent=29854"}],"curies":[{"name":"wp","href":"https:\/\/api.w.org\/{rel}","templated":true}]}}