{"id":30240,"date":"2022-08-25T17:00:43","date_gmt":"2022-08-25T21:00:43","guid":{"rendered":"http:\/\/cpm-09.eproofs.ca\/chef-michael-smith\/"},"modified":"2022-09-02T14:41:18","modified_gmt":"2022-09-02T18:41:18","slug":"chef-michael-smith","status":"publish","type":"page","link":"https:\/\/www.halfyourplate.ca\/fr\/chef-michael-smith\/","title":{"rendered":"Chef Michael Smith"},"content":{"rendered":"\n<div class=\"wp-block-group alignwide\"><div class=\"wp-block-group__inner-container is-layout-flow wp-block-group-is-layout-flow\"><div class=\"wp-block-image\">\n<figure class=\"aligncenter size-full\"><img loading=\"lazy\" decoding=\"async\" width=\"415\" height=\"108\" src=\"https:\/\/www.halfyourplate.ca\/wp-content\/uploads\/2022\/08\/img-chef-michael-smith-tagline.gif\" alt=\"chef michael smith logo\" class=\"wp-image-30226\"\/><\/figure>\n<\/div>\n\n\n<div class=\"wp-block-columns is-layout-flex wp-container-core-columns-is-layout-9d6595d7 wp-block-columns-is-layout-flex\">\n<div class=\"wp-block-column is-vertically-aligned-center is-layout-flow wp-block-column-is-layout-flow\" style=\"flex-basis:33.33%\"><div class=\"wp-block-image\">\n<figure class=\"alignright size-full\"><img loading=\"lazy\" decoding=\"async\" width=\"234\" height=\"234\" src=\"https:\/\/www.halfyourplate.ca\/wp-content\/uploads\/2022\/08\/pic-chef-michael-smith.jpg\" alt=\"Chef Michael Smith\" class=\"wp-image-30224\" srcset=\"https:\/\/www.halfyourplate.ca\/wp-content\/uploads\/2022\/08\/pic-chef-michael-smith.jpg 234w, https:\/\/www.halfyourplate.ca\/wp-content\/uploads\/2022\/08\/pic-chef-michael-smith-150x150.jpg 150w\" sizes=\"auto, (max-width: 234px) 100vw, 234px\" \/><\/figure>\n<\/div><\/div>\n\n\n\n<div class=\"wp-block-column is-vertically-aligned-center is-layout-flow wp-block-column-is-layout-flow\" style=\"flex-basis:66.66%\">\n<p><strong>Rencontrez notre ambassadeur culinaire, le chef Michael Smith!<\/strong><\/p>\n\n\n\n<p>\u00ab Nous connaissons tous l\u2019importance de manger beaucoup de fruits et de l\u00e9gumes chaque jour, mais nous ne savons pas tous comment le faire. C\u2019est l\u00e0 que j\u2019entre en jeu. J\u2019ai comme mission de rappeler \u00e0 tout le monde \u00e0 quel point le fait de cuisiner des repas sains et simples n\u2019est ni dispendieux, ni difficile, ni long. Nous avons tous le m\u00eame objectif et ensemble, nous sommes en mesure d\u2019aider chaque famille \u00e0 am\u00e9liorer la sant\u00e9 de ses membres, tous les jours. \u00bb<\/p>\n<\/div>\n<\/div>\n\n\n\n<h2 class=\"wp-block-heading\">Recettes cr\u00e9es par le chef Michael<\/h2>\n\n\n\n\n\t<div id=\"post-grid-block_6307e02dfdc35\" class=\"card-grid card-grid--post card-grid--small\">\n\n\t\t\n\t\t\t<a class=\"card card--post card--small\" href=\"https:\/\/www.halfyourplate.ca\/blog\/chef-michael-smiths-recipe-month-nicoise-salad\/\"><div class=\"card-image-wrap\"><div class=\"card-image\"><img loading=\"lazy\" decoding=\"async\" width=\"960\" height=\"960\" src=\"https:\/\/www.halfyourplate.ca\/wp-content\/uploads\/2022\/07\/IMG_8753.jpeg\" class=\"attachment-large size-large\" alt=\"Nicoise Salad\" srcset=\"https:\/\/www.halfyourplate.ca\/wp-content\/uploads\/2022\/07\/IMG_8753.jpeg 960w, https:\/\/www.halfyourplate.ca\/wp-content\/uploads\/2022\/07\/IMG_8753-300x300.jpeg 300w, https:\/\/www.halfyourplate.ca\/wp-content\/uploads\/2022\/07\/IMG_8753-150x150.jpeg 150w, https:\/\/www.halfyourplate.ca\/wp-content\/uploads\/2022\/07\/IMG_8753-500x500.jpeg 500w\" sizes=\"auto, (max-width: 960px) 100vw, 960px\" \/><\/div><\/div><div class=\"card-content\"><div class=\"title\">Chef Michael Smith&rsquo;s Recipe of the Month: Ni\u00e7oise Salad!<\/div><\/div><\/a>\n\t\t\n\t\t\t<a class=\"card card--post card--small\" href=\"https:\/\/www.halfyourplate.ca\/blog\/chef-michael-smiths-recipe-of-the-month-grilled-ratatouille\/\"><div class=\"card-image-wrap\"><div class=\"card-image\"><img loading=\"lazy\" decoding=\"async\" width=\"640\" height=\"469\" src=\"https:\/\/www.halfyourplate.ca\/wp-content\/uploads\/2022\/07\/Grilled-Ratatouille.jpeg\" class=\"attachment-large size-large\" alt=\"Grilled Ratatouille\" srcset=\"https:\/\/www.halfyourplate.ca\/wp-content\/uploads\/2022\/07\/Grilled-Ratatouille.jpeg 640w, https:\/\/www.halfyourplate.ca\/wp-content\/uploads\/2022\/07\/Grilled-Ratatouille-300x220.jpeg 300w\" sizes=\"auto, (max-width: 640px) 100vw, 640px\" \/><\/div><\/div><div class=\"card-content\"><div class=\"title\">Chef Michael Smith&rsquo;s recipe of the month: Grilled Ratatouille!<\/div><\/div><\/a>\n\t\t\n\t\t\t<a class=\"card card--post card--small\" href=\"https:\/\/www.halfyourplate.ca\/blog\/roasted-tomato-gazpacho-with-lots-of-crunch2\/\"><div class=\"card-image-wrap\"><div class=\"card-image\"><img loading=\"lazy\" decoding=\"async\" width=\"400\" height=\"400\" src=\"https:\/\/www.halfyourplate.ca\/wp-content\/uploads\/2022\/07\/HYP.Gazpacho-e1446579531961.jpg\" class=\"attachment-large size-large\" alt=\"HYP.Gazpacho\" srcset=\"https:\/\/www.halfyourplate.ca\/wp-content\/uploads\/2022\/07\/HYP.Gazpacho-e1446579531961.jpg 400w, https:\/\/www.halfyourplate.ca\/wp-content\/uploads\/2022\/07\/HYP.Gazpacho-e1446579531961-300x300.jpg 300w, https:\/\/www.halfyourplate.ca\/wp-content\/uploads\/2022\/07\/HYP.Gazpacho-e1446579531961-150x150.jpg 150w\" sizes=\"auto, (max-width: 400px) 100vw, 400px\" \/><\/div><\/div><div class=\"card-content\"><div class=\"title\">Roasted Tomato Gazpacho with lots of crunch<\/div><\/div><\/a>\n\t\t\n\t\t\t<a class=\"card card--video card--post card--small\" href=\"https:\/\/www.halfyourplate.ca\/blog\/pan-roast-brussels-sprouts-101\/\"><div class=\"card-image-wrap\"><div class=\"card-image\"><img loading=\"lazy\" decoding=\"async\" width=\"1024\" height=\"576\" src=\"https:\/\/www.halfyourplate.ca\/wp-content\/uploads\/2022\/07\/brussels-1024x576.jpg\" class=\"attachment-large size-large\" alt=\"\" srcset=\"https:\/\/www.halfyourplate.ca\/wp-content\/uploads\/2022\/07\/brussels-1024x576.jpg 1024w, https:\/\/www.halfyourplate.ca\/wp-content\/uploads\/2022\/07\/brussels-300x169.jpg 300w, https:\/\/www.halfyourplate.ca\/wp-content\/uploads\/2022\/07\/brussels-480x270.jpg 480w, https:\/\/www.halfyourplate.ca\/wp-content\/uploads\/2022\/07\/brussels.jpg 1280w\" sizes=\"auto, (max-width: 1024px) 100vw, 1024px\" \/><\/div><\/div><div class=\"card-content\"><div class=\"title\">Half Your Plate with Chef Michael Smith: Pan Roast Brussels Sprouts 101<\/div><\/div><\/a>\n\t\t\n\t\t\t<a class=\"card card--video card--post card--small\" href=\"https:\/\/www.halfyourplate.ca\/blog\/baby-potato-hodge-podge\/\"><div class=\"card-image-wrap\"><div class=\"card-image\"><img loading=\"lazy\" decoding=\"async\" width=\"1024\" height=\"576\" src=\"https:\/\/www.halfyourplate.ca\/wp-content\/uploads\/2016\/10\/hodgepodge-1024x576.jpg\" class=\"attachment-large size-large\" alt=\"\" srcset=\"https:\/\/www.halfyourplate.ca\/wp-content\/uploads\/2016\/10\/hodgepodge-1024x576.jpg 1024w, https:\/\/www.halfyourplate.ca\/wp-content\/uploads\/2016\/10\/hodgepodge-300x169.jpg 300w, https:\/\/www.halfyourplate.ca\/wp-content\/uploads\/2016\/10\/hodgepodge-480x270.jpg 480w, https:\/\/www.halfyourplate.ca\/wp-content\/uploads\/2016\/10\/hodgepodge.jpg 1280w\" sizes=\"auto, (max-width: 1024px) 100vw, 1024px\" \/><\/div><\/div><div class=\"card-content\"><div class=\"title\">Half Your Plate with Chef Michael Smith: Baby Potato Hodge Podge<\/div><\/div><\/a>\n\t\t\n\t\t\t<a class=\"card card--video card--post card--small\" href=\"https:\/\/www.halfyourplate.ca\/blog\/celery-potato-salad\/\"><div class=\"card-image-wrap\"><div class=\"card-image\"><img loading=\"lazy\" decoding=\"async\" width=\"1024\" height=\"576\" src=\"https:\/\/www.halfyourplate.ca\/wp-content\/uploads\/2016\/05\/potatosalad-1024x576.jpg\" class=\"attachment-large size-large\" alt=\"\" srcset=\"https:\/\/www.halfyourplate.ca\/wp-content\/uploads\/2016\/05\/potatosalad-1024x576.jpg 1024w, https:\/\/www.halfyourplate.ca\/wp-content\/uploads\/2016\/05\/potatosalad-300x169.jpg 300w, https:\/\/www.halfyourplate.ca\/wp-content\/uploads\/2016\/05\/potatosalad-480x270.jpg 480w, https:\/\/www.halfyourplate.ca\/wp-content\/uploads\/2016\/05\/potatosalad.jpg 1280w\" sizes=\"auto, (max-width: 1024px) 100vw, 1024px\" \/><\/div><\/div><div class=\"card-content\"><div class=\"title\">Half Your Plate with Chef Michael Smith: Celery Potato Salad<\/div><\/div><\/a>\n\t\t\n\t\t\t<a class=\"card card--video card--post card--small\" href=\"https:\/\/www.halfyourplate.ca\/blog\/cinnamon-roast-butternut-squash-and-apples\/\"><div class=\"card-image-wrap\"><div class=\"card-image\"><img loading=\"lazy\" decoding=\"async\" width=\"1024\" height=\"576\" src=\"https:\/\/www.halfyourplate.ca\/wp-content\/uploads\/2022\/07\/buttersquash-1024x576.jpg\" class=\"attachment-large size-large\" alt=\"\" srcset=\"https:\/\/www.halfyourplate.ca\/wp-content\/uploads\/2022\/07\/buttersquash-1024x576.jpg 1024w, https:\/\/www.halfyourplate.ca\/wp-content\/uploads\/2022\/07\/buttersquash-300x169.jpg 300w, https:\/\/www.halfyourplate.ca\/wp-content\/uploads\/2022\/07\/buttersquash-480x270.jpg 480w, https:\/\/www.halfyourplate.ca\/wp-content\/uploads\/2022\/07\/buttersquash.jpg 1280w\" sizes=\"auto, (max-width: 1024px) 100vw, 1024px\" \/><\/div><\/div><div class=\"card-content\"><div class=\"title\">Half Your Plate with Chef Michael Smith: Cinnamon Roast Butternut Squash and Apples<\/div><\/div><\/a>\n\t\t\n\t\t\t<a class=\"card card--video card--post card--small\" href=\"https:\/\/www.halfyourplate.ca\/blog\/half-your-plate-with-chef-michael-smith-quick-pickles\/\"><div class=\"card-image-wrap\"><div class=\"card-image\"><img loading=\"lazy\" decoding=\"async\" width=\"726\" height=\"1024\" src=\"https:\/\/www.halfyourplate.ca\/wp-content\/uploads\/2022\/07\/OGVG_Logo_colour-726x1024.jpg\" class=\"attachment-large size-large\" alt=\"\" srcset=\"https:\/\/www.halfyourplate.ca\/wp-content\/uploads\/2022\/07\/OGVG_Logo_colour-726x1024.jpg 726w, https:\/\/www.halfyourplate.ca\/wp-content\/uploads\/2022\/07\/OGVG_Logo_colour-213x300.jpg 213w, https:\/\/www.halfyourplate.ca\/wp-content\/uploads\/2022\/07\/OGVG_Logo_colour.jpg 736w\" sizes=\"auto, (max-width: 726px) 100vw, 726px\" \/><\/div><\/div><div class=\"card-content\"><div class=\"title\">Half Your Plate with Chef Michael Smith: Quick Cucumber Pickles<\/div><\/div><\/a>\n\t\t\n\t\t\t<a class=\"card card--video card--post card--small\" href=\"https:\/\/www.halfyourplate.ca\/blog\/the-ultimate-stuffed-potato\/\"><div class=\"card-image-wrap\"><div class=\"card-image\"><img loading=\"lazy\" decoding=\"async\" width=\"1024\" height=\"576\" src=\"https:\/\/www.halfyourplate.ca\/wp-content\/uploads\/2022\/07\/stuffedpotato-1024x576.jpg\" class=\"attachment-large size-large\" alt=\"\" srcset=\"https:\/\/www.halfyourplate.ca\/wp-content\/uploads\/2022\/07\/stuffedpotato-1024x576.jpg 1024w, https:\/\/www.halfyourplate.ca\/wp-content\/uploads\/2022\/07\/stuffedpotato-300x169.jpg 300w, https:\/\/www.halfyourplate.ca\/wp-content\/uploads\/2022\/07\/stuffedpotato-480x270.jpg 480w, https:\/\/www.halfyourplate.ca\/wp-content\/uploads\/2022\/07\/stuffedpotato.jpg 1280w\" sizes=\"auto, (max-width: 1024px) 100vw, 1024px\" \/><\/div><\/div><div class=\"card-content\"><div class=\"title\">Half Your Plate with Chef Michael Smith: The Ultimate Stuffed Potato<\/div><\/div><\/a>\n\t\t\n\t<\/div>\n\n\t\n\n\n\n<div class=\"wp-block-buttons is-layout-flex wp-block-buttons-is-layout-flex\">\n<div class=\"wp-block-button\"><a class=\"wp-block-button__link has-yellow-background-color has-background\" href=\"https:\/\/www.halfyourplate.ca\/fr\/blog\/tag\/chef-michael-smith-fr-2\/\">Naviguer tous les recettes<\/a><\/div>\n<\/div>\n\n\n\n<h2 class=\"wp-block-heading\">\u00c9v\u00e9nements<\/h2>\n\n\n\n\n\t<div id=\"post-grid-block_6307e149fdc36\" class=\"card-grid card-grid--post\">\n\n\t\t\n\t\t\t<a class=\"card card--post\" href=\"\"><div class=\"card-content\"><div class=\"title\"><\/div><\/div><\/a>\n\t\t\n\t\t\t<a class=\"card card--post\" href=\"\"><div class=\"card-content\"><div class=\"title\"><\/div><\/div><\/a>\n\t\t\n\t<\/div>\n\n\t\n<\/div><\/div>\n","protected":false},"excerpt":{"rendered":"<p>Rencontrez notre ambassadeur culinaire, le chef Michael Smith! \u00ab Nous connaissons tous l\u2019importance de manger beaucoup de fruits et de&#8230;<\/p>\n","protected":false},"author":1,"featured_media":0,"parent":0,"menu_order":0,"comment_status":"closed","ping_status":"closed","template":"","meta":{"inline_featured_image":false,"wprm-recipe-roundup-name":"","wprm-recipe-roundup-description":"","wpupg_custom_link":[],"wpupg_custom_link_behaviour":[],"wpupg_custom_link_nofollow":[],"wpupg_custom_image":[],"wpupg_custom_image_id":[],"footnotes":""},"class_list":["post-30240","page","type-page","status-publish","hentry"],"acf":[],"_links":{"self":[{"href":"https:\/\/www.halfyourplate.ca\/fr\/wp-json\/wp\/v2\/pages\/30240","targetHints":{"allow":["GET"]}}],"collection":[{"href":"https:\/\/www.halfyourplate.ca\/fr\/wp-json\/wp\/v2\/pages"}],"about":[{"href":"https:\/\/www.halfyourplate.ca\/fr\/wp-json\/wp\/v2\/types\/page"}],"author":[{"embeddable":true,"href":"https:\/\/www.halfyourplate.ca\/fr\/wp-json\/wp\/v2\/users\/1"}],"replies":[{"embeddable":true,"href":"https:\/\/www.halfyourplate.ca\/fr\/wp-json\/wp\/v2\/comments?post=30240"}],"version-history":[{"count":2,"href":"https:\/\/www.halfyourplate.ca\/fr\/wp-json\/wp\/v2\/pages\/30240\/revisions"}],"predecessor-version":[{"id":31407,"href":"https:\/\/www.halfyourplate.ca\/fr\/wp-json\/wp\/v2\/pages\/30240\/revisions\/31407"}],"wp:attachment":[{"href":"https:\/\/www.halfyourplate.ca\/fr\/wp-json\/wp\/v2\/media?parent=30240"}],"curies":[{"name":"wp","href":"https:\/\/api.w.org\/{rel}","templated":true}]}}