{"id":30246,"date":"2022-08-25T17:09:35","date_gmt":"2022-08-25T21:09:35","guid":{"rendered":"http:\/\/cpm-09.eproofs.ca\/terms-and-conditions\/"},"modified":"2022-08-25T17:09:36","modified_gmt":"2022-08-25T21:09:36","slug":"terms-and-conditions","status":"publish","type":"page","link":"https:\/\/www.halfyourplate.ca\/fr\/terms-and-conditions\/","title":{"rendered":"Terms and Conditions"},"content":{"rendered":"\n<p>Il incombe \u00e0 l\u2019utilisateur de confirmer que le di\u00e9t\u00e9tiste est bien membre en r\u00e8gle de l\u2019ordre et autoris\u00e9 \u00e0 exercer cette profession. Consultez le statut d\u2019un di\u00e9t\u00e9tiste avec votre organisme de r\u00e9glementation provinciale des di\u00e9t\u00e9tistes. Notez que l\u2019Association canadienne de la distribution de fruits et l\u00e9gumes (ACDFL) n\u2019appuie pas les listes du r\u00e9seau de di\u00e9t\u00e9tistes de Visez la moiti\u00e9 pour votre sant\u00e9. L\u2019information contenue au sein du r\u00e9seau peut \u00eatre modifi\u00e9e sans pr\u00e9avis.<\/p>\n\n<p>Son objectif est d\u2019aider la population canadienne \u00e0 trouver un di\u00e9t\u00e9tiste par r\u00e9gion ou par domaine d\u2019exercice. Il vise aussi l\u2019\u00e9change de documents et de pratiques exemplaires entre di\u00e9t\u00e9tistes.<\/p>\n\n<p>Les renseignements que renferme le r\u00e9seau de di\u00e9t\u00e9tistes de Visez la moiti\u00e9 pour votre sant\u00e9 ne peuvent pas \u00eatre divulgu\u00e9s ni vendus \u00e0 des tiers et ne doivent pas servir aux fins de commerce, de promotion, de sollicitation ou autre. L\u2019utilisation non autoris\u00e9e par l\u2019ACDFL des renseignements du r\u00e9seau de di\u00e9t\u00e9tistes de Visez la moiti\u00e9 pour votre sant\u00e9 en vue de cr\u00e9er des listes d\u2019envoi, des listes de distribution par courriel ou par t\u00e9l\u00e9phone, ou d\u2019autres listes, pour quelque usage que ce soit, est interdite.<\/p>\n\n<p>Pour tout renseignement, veuillez communiquer au:&#13;\n1\u00a0613\u00a0226-4187, poste 225.&#13;\nCourriel\u00a0:\u00a0<a href=\"mailto:halfyourplate@cpma.ca\">halfyourplate@cpma.ca<\/a>&#13;\n<a href=\"http:\/\/www.cpma.ca\/\" rel=\"nofollow noopener\" target=\"_blank\">www.cpma.ca<\/a><\/p>\n","protected":false},"excerpt":{"rendered":"<p>Il incombe \u00e0 l\u2019utilisateur de confirmer que le di\u00e9t\u00e9tiste est bien membre en r\u00e8gle de l\u2019ordre et autoris\u00e9 \u00e0 exercer&#8230;<\/p>\n","protected":false},"author":1,"featured_media":0,"parent":0,"menu_order":0,"comment_status":"closed","ping_status":"closed","template":"","meta":{"inline_featured_image":false,"wprm-recipe-roundup-name":"","wprm-recipe-roundup-description":"","wpupg_custom_link":[],"wpupg_custom_link_behaviour":[],"wpupg_custom_link_nofollow":[],"wpupg_custom_image":[],"wpupg_custom_image_id":[],"footnotes":""},"class_list":["post-30246","page","type-page","status-publish","hentry"],"acf":[],"_links":{"self":[{"href":"https:\/\/www.halfyourplate.ca\/fr\/wp-json\/wp\/v2\/pages\/30246","targetHints":{"allow":["GET"]}}],"collection":[{"href":"https:\/\/www.halfyourplate.ca\/fr\/wp-json\/wp\/v2\/pages"}],"about":[{"href":"https:\/\/www.halfyourplate.ca\/fr\/wp-json\/wp\/v2\/types\/page"}],"author":[{"embeddable":true,"href":"https:\/\/www.halfyourplate.ca\/fr\/wp-json\/wp\/v2\/users\/1"}],"replies":[{"embeddable":true,"href":"https:\/\/www.halfyourplate.ca\/fr\/wp-json\/wp\/v2\/comments?post=30246"}],"version-history":[{"count":1,"href":"https:\/\/www.halfyourplate.ca\/fr\/wp-json\/wp\/v2\/pages\/30246\/revisions"}],"predecessor-version":[{"id":30247,"href":"https:\/\/www.halfyourplate.ca\/fr\/wp-json\/wp\/v2\/pages\/30246\/revisions\/30247"}],"wp:attachment":[{"href":"https:\/\/www.halfyourplate.ca\/fr\/wp-json\/wp\/v2\/media?parent=30246"}],"curies":[{"name":"wp","href":"https:\/\/api.w.org\/{rel}","templated":true}]}}